{"id":407,"date":"2023-06-15T12:33:43","date_gmt":"2023-06-15T12:33:43","guid":{"rendered":"https:\/\/dummy.xtemos.com\/woodmart2\/kids-elementor\/?page_id=18"},"modified":"2026-03-25T21:28:41","modified_gmt":"2026-03-25T20:28:41","slug":"kontaktujte-nas","status":"publish","type":"page","link":"https:\/\/velessia-clothes.com\/en\/kontaktujte-nas\/","title":{"rendered":"Contact us"},"content":{"rendered":"<div data-elementor-type=\"wp-page\" data-elementor-id=\"407\" class=\"elementor elementor-407\" data-elementor-post-type=\"page\">\n\t\t\t\t<div class=\"wd-negative-gap elementor-element elementor-element-eea00c8 e-flex e-con-boxed e-con e-parent\" data-id=\"eea00c8\" data-element_type=\"container\">\n\t\t\t\t\t<div class=\"e-con-inner\">\n\t\t<div class=\"elementor-element elementor-element-7ca12dc e-con-full e-flex e-con e-child\" data-id=\"7ca12dc\" data-element_type=\"container\">\n\t\t\t\t<div class=\"elementor-element elementor-element-d6ed2b6 wd-width-100 elementor-widget elementor-widget-wd_title\" data-id=\"d6ed2b6\" data-element_type=\"widget\" data-widget_type=\"wd_title.default\">\n\t\t\t\t<div class=\"elementor-widget-container\">\n\t\t\t\t\t\t\t<div class=\"title-wrapper wd-set-mb reset-last-child wd-title-color-default wd-title-style-default wd-title-size-extra-large text-left\">\n\n\t\t\t\n\t\t\t<div class=\"liner-continer\">\n\t\t\t\t<h4 class=\"woodmart-title-container title wd-fontsize-xxxl\">Contacts<\/h4> \n\t\t\t\t\t\t\t<\/div>\n\n\t\t\t\t\t<\/div>\n\t\t\t\t\t\t<\/div>\n\t\t\t\t<\/div>\n\t\t\t\t<div class=\"elementor-element elementor-element-65cbc8c elementor-position-inline-start elementor-mobile-position-inline-start elementor-view-default elementor-widget elementor-widget-global elementor-global-1102 elementor-widget-icon-box\" data-id=\"65cbc8c\" data-element_type=\"widget\" data-widget_type=\"icon-box.default\">\n\t\t\t\t\t\t\t<div class=\"elementor-icon-box-wrapper\">\n\n\t\t\t\t\t\t<div class=\"elementor-icon-box-icon\">\n\t\t\t\t<a href=\"mailto:velessia.clothes@seznam.cz\" class=\"elementor-icon\" tabindex=\"-1\" aria-label=\"velessia.clothes@seznam.cz\">\n\t\t\t\t<svg xmlns=\"http:\/\/www.w3.org\/2000\/svg\" width=\"24\" height=\"24\" viewbox=\"0 0 24 24\" fill=\"none\"><path opacity=\"0.5\" d=\"M14.2 3H9.8C5.65164 3 3.57746 3 2.28873 4.31802C1 5.63604 1 7.75736 1 12C1 16.2426 1 18.364 2.28873 19.682C3.57746 21 5.65164 21 9.8 21H14.2C18.3484 21 20.4225 21 21.7113 19.682C23 18.364 23 16.2426 23 12C23 7.75736 23 5.63604 21.7113 4.31802C20.4225 3 18.3484 3 14.2 3Z\" fill=\"currentColor\"><\/path><path d=\"M19.1284 8.03302C19.4784 7.74133 19.5257 7.22112 19.234 6.87109C18.9423 6.52106 18.4221 6.47377 18.0721 6.76546L15.6973 8.74444C14.671 9.59966 13.9585 10.1915 13.357 10.5784C12.7747 10.9529 12.3798 11.0786 12.0002 11.0786C11.6206 11.0786 11.2258 10.9529 10.6435 10.5784C10.0419 10.1915 9.32941 9.59966 8.30315 8.74444L5.92837 6.76546C5.57834 6.47377 5.05812 6.52106 4.76643 6.87109C4.47474 7.22112 4.52204 7.74133 4.87206 8.03302L7.28821 10.0465C8.2632 10.859 9.05344 11.5176 9.75091 11.9661C10.4775 12.4334 11.185 12.7286 12.0002 12.7286C12.8154 12.7286 13.523 12.4334 14.2495 11.9661C14.947 11.5176 15.7372 10.859 16.7122 10.0465L19.1284 8.03302Z\" fill=\"currentColor\"><\/path><\/svg>\t\t\t\t<\/a>\n\t\t\t<\/div>\n\t\t\t\n\t\t\t\t\t\t<div class=\"elementor-icon-box-content\">\n\n\t\t\t\t\t\t\t\t\t<div class=\"elementor-icon-box-title\">\n\t\t\t\t\t\t<a href=\"mailto:velessia.clothes@seznam.cz\" >\n\t\t\t\t\t\t\tvelessia.clothes@seznam.cz\t\t\t\t\t\t<\/a>\n\t\t\t\t\t<\/div>\n\t\t\t\t\n\t\t\t\t\n\t\t\t<\/div>\n\t\t\t\n\t\t<\/div>\n\t\t\t\t\t\t<\/div>\n\t\t\t\t<\/div>\n\t\t<div class=\"elementor-element elementor-element-0fc261d e-con-full e-flex e-con e-child\" data-id=\"0fc261d\" data-element_type=\"container\" data-settings=\"{&quot;background_background&quot;:&quot;classic&quot;}\">\n\t\t\t\t<div class=\"elementor-element elementor-element-5618ff6 wd-width-100 elementor-widget elementor-widget-wd_title\" data-id=\"5618ff6\" data-element_type=\"widget\" data-widget_type=\"wd_title.default\">\n\t\t\t\t<div class=\"elementor-widget-container\">\n\t\t\t\t\t\t\t<div class=\"title-wrapper wd-set-mb reset-last-child wd-title-color-default wd-title-style-default wd-title-size-extra-large text-left\">\n\n\t\t\t\n\t\t\t<div class=\"liner-continer\">\n\t\t\t\t<h5 class=\"woodmart-title-container title wd-fontsize-xxxl\">For inquiries and cooperation<br \/>\n<\/h5> \n\t\t\t\t\t\t\t<\/div>\n\n\t\t\t\t\t\t\t<div class=\"title-after_title reset-last-child wd-fontsize-s\">\n\t\t\t\t\t<p>Fill out the information in this form and we will contact you.<\/p>\t\t\t\t<\/div>\n\t\t\t\t\t<\/div>\n\t\t\t\t\t\t<\/div>\n\t\t\t\t<\/div>\n\t\t\t\t<div class=\"elementor-element elementor-element-4a0bbb2 elementor-button-align-center elementor-widget elementor-widget-form\" data-id=\"4a0bbb2\" data-element_type=\"widget\" data-settings=\"{&quot;step_next_label&quot;:&quot;Next&quot;,&quot;step_previous_label&quot;:&quot;Previous&quot;,&quot;button_width&quot;:&quot;100&quot;,&quot;step_type&quot;:&quot;number_text&quot;,&quot;step_icon_shape&quot;:&quot;circle&quot;}\" data-widget_type=\"form.default\">\n\t\t\t\t\t\t\t<form class=\"elementor-form\" method=\"post\" name=\"Nov\u00fd formul\u00e1\u0159\" aria-label=\"New form\" action=\"\">\n\t\t\t<input type=\"hidden\" name=\"post_id\" value=\"407\"\/>\n\t\t\t<input type=\"hidden\" name=\"form_id\" value=\"4a0bbb2\"\/>\n\t\t\t<input type=\"hidden\" name=\"referer_title\" value=\"Kontaktujte n\u00e1s - Valessia\" \/>\n\n\t\t\t\t\t\t\t<input type=\"hidden\" name=\"queried_id\" value=\"407\"\/>\n\t\t\t\n\t\t\t<div class=\"elementor-form-fields-wrapper elementor-labels-\">\n\t\t\t\t\t\t\t\t<div class=\"elementor-field-type-text elementor-field-group elementor-column elementor-field-group-name elementor-col-50 elementor-field-required\">\n\t\t\t\t\t\t\t\t\t\t\t\t<label for=\"form-field-name\" class=\"elementor-field-label elementor-screen-only\">\n\t\t\t\t\t\t\t\tName\t\t\t\t\t\t\t<\/label>\n\t\t\t\t\t\t\t\t\t\t\t\t\t\t<input size=\"1\" type=\"text\" name=\"form_fields[name]\" id=\"form-field-name\" class=\"elementor-field elementor-size-md  elementor-field-textual\" placeholder=\"Name\" required=\"required\">\n\t\t\t\t\t\t\t\t\t\t\t<\/div>\n\t\t\t\t\t\t\t\t<div class=\"elementor-field-type-tel elementor-field-group elementor-column elementor-field-group-field_0205ef6 elementor-col-50 elementor-field-required\">\n\t\t\t\t\t\t\t\t\t\t\t\t<label for=\"form-field-field_0205ef6\" class=\"elementor-field-label elementor-screen-only\">\n\t\t\t\t\t\t\t\tPhone\t\t\t\t\t\t\t<\/label>\n\t\t\t\t\t\t\t\t<input size=\"1\" type=\"tel\" name=\"form_fields[field_0205ef6]\" id=\"form-field-field_0205ef6\" class=\"elementor-field elementor-size-md  elementor-field-textual\" placeholder=\"Phone\" required=\"required\" pattern=\"[0-9()#&amp;+*-=.]+\" title=\"Only numbers and phone number characters (#, -, *, etc.) are accepted.\">\n\n\t\t\t\t\t\t<\/div>\n\t\t\t\t\t\t\t\t<div class=\"elementor-field-type-email elementor-field-group elementor-column elementor-field-group-email elementor-col-100 elementor-field-required\">\n\t\t\t\t\t\t\t\t\t\t\t\t<label for=\"form-field-email\" class=\"elementor-field-label elementor-screen-only\">\n\t\t\t\t\t\t\t\tE-mail\t\t\t\t\t\t\t<\/label>\n\t\t\t\t\t\t\t\t\t\t\t\t\t\t<input size=\"1\" type=\"email\" name=\"form_fields[email]\" id=\"form-field-email\" class=\"elementor-field elementor-size-md  elementor-field-textual\" placeholder=\"E-mail\" required=\"required\">\n\t\t\t\t\t\t\t\t\t\t\t<\/div>\n\t\t\t\t\t\t\t\t<div class=\"elementor-field-type-textarea elementor-field-group elementor-column elementor-field-group-message elementor-col-100\">\n\t\t\t\t\t\t\t\t\t\t\t\t<label for=\"form-field-message\" class=\"elementor-field-label elementor-screen-only\">\n\t\t\t\t\t\t\t\tMessage\t\t\t\t\t\t\t<\/label>\n\t\t\t\t\t\t<textarea class=\"elementor-field-textual elementor-field  elementor-size-md\" name=\"form_fields[message]\" id=\"form-field-message\" rows=\"4\" placeholder=\"Message\"><\/textarea>\t\t\t\t<\/div>\n\t\t\t\t\t\t\t\t<div class=\"elementor-field-group elementor-column elementor-field-type-submit elementor-col-100 e-form__buttons\">\n\t\t\t\t\t<button class=\"elementor-button elementor-size-md elementor-animation-shrink\" type=\"submit\">\n\t\t\t\t\t\t<span class=\"elementor-button-content-wrapper\">\n\t\t\t\t\t\t\t\t\t\t\t\t\t\t\t\t\t\t\t\t\t\t<span class=\"elementor-button-text\">Send<\/span>\n\t\t\t\t\t\t\t\t\t\t\t\t\t<\/span>\n\t\t\t\t\t<\/button>\n\t\t\t\t<\/div>\n\t\t\t<\/div>\n\t\t<input type=\"hidden\" name=\"trp-form-language\" value=\"en\"\/><\/form>\n\t\t\t\t\t\t<\/div>\n\t\t\t\t<\/div>\n\t\t\t\t\t<\/div>\n\t\t\t\t<\/div>\n\t\t<div class=\"wd-negative-gap elementor-element elementor-element-35f3d43 e-flex e-con-boxed e-con e-parent\" data-id=\"35f3d43\" data-element_type=\"container\">\n\t\t\t\t\t<div class=\"e-con-inner\">\n\t\t<div class=\"elementor-element elementor-element-4b740c1 e-con-full e-flex e-con e-child\" data-id=\"4b740c1\" data-element_type=\"container\">\n\t\t\t\t<div class=\"elementor-element elementor-element-c24c637 elementor-widget elementor-widget-wd_image_or_svg\" data-id=\"c24c637\" data-element_type=\"widget\" data-widget_type=\"wd_image_or_svg.default\">\n\t\t\t\t<div class=\"elementor-widget-container\">\n\t\t\t\t\t\n\t\t<div class=\"wd-image text-left\">\n\t\t\t\t\t\t\t\t<img loading=\"lazy\" decoding=\"async\" width=\"1280\" height=\"959\" src=\"https:\/\/velessia-clothes.com\/wp-content\/uploads\/2026\/01\/img.jpg\" class=\"attachment-full size-full\" alt=\"\" srcset=\"https:\/\/velessia-clothes.com\/wp-content\/uploads\/2026\/01\/img.jpg 1280w, https:\/\/velessia-clothes.com\/wp-content\/uploads\/2026\/01\/img-300x225.jpg 300w, https:\/\/velessia-clothes.com\/wp-content\/uploads\/2026\/01\/img-1024x767.jpg 1024w, https:\/\/velessia-clothes.com\/wp-content\/uploads\/2026\/01\/img-768x575.jpg 768w, https:\/\/velessia-clothes.com\/wp-content\/uploads\/2026\/01\/img-16x12.jpg 16w, https:\/\/velessia-clothes.com\/wp-content\/uploads\/2026\/01\/img-1200x899.jpg 1200w, https:\/\/velessia-clothes.com\/wp-content\/uploads\/2026\/01\/img-150x112.jpg 150w\" sizes=\"auto, (max-width: 1280px) 100vw, 1280px\" \/>\t\t\t\t\t<\/div>\n\n\t\t\t\t\t\t<\/div>\n\t\t\t\t<\/div>\n\t\t\t\t<\/div>\n\t\t<div class=\"elementor-element elementor-element-bc2a386 e-con-full e-flex e-con e-child\" data-id=\"bc2a386\" data-element_type=\"container\">\n\t\t\t\t<div class=\"elementor-element elementor-element-deb4b74 wd-width-100 elementor-widget elementor-widget-wd_title\" data-id=\"deb4b74\" data-element_type=\"widget\" data-widget_type=\"wd_title.default\">\n\t\t\t\t<div class=\"elementor-widget-container\">\n\t\t\t\t\t\t\t<div class=\"title-wrapper wd-set-mb reset-last-child wd-title-color-primary wd-title-style-default wd-title-size-extra-large text-left\">\n\n\t\t\t\n\t\t\t<div class=\"liner-continer\">\n\t\t\t\t<h4 class=\"woodmart-title-container title wd-fontsize-xxxl\">\ud83e\uddf8 Velessia clothes sro.<\/h4> \n\t\t\t\t\t\t\t<\/div>\n\n\t\t\t\t\t\t\t<div class=\"title-after_title reset-last-child wd-fontsize-s\">\n\t\t\t\t\t<p>Velessia clothes sro is a Czech company focused on children&#039;s clothing. We combine quality, comfort and a responsible approach. Our goal is not only to dress children, but also to support projects to help children in difficult life situations.<\/p><p>Velessia clothes sro.<br \/>Children&#039;s clothing made with care and meaning<\/p><p>ID: 23919647<br \/>VAT number: CZ23919647<br \/>E-mail: Velessia.clothes@seznam.cz<\/p>\t\t\t\t<\/div>\n\t\t\t\t\t<\/div>\n\t\t\t\t\t\t<\/div>\n\t\t\t\t<\/div>\n\t\t\t\t<\/div>\n\t\t\t\t\t<\/div>\n\t\t\t\t<\/div>\n\t\t\t\t<\/div>","protected":false},"excerpt":{"rendered":"<p>Kontakty velessia.clothes@seznam.cz Pro dotazy a spolupr\u00e1ci Vypl\u0148te \u00fadaje v tomto formul\u00e1\u0159i a my se s v\u00e1mi spoj\u00edme. \ud83e\uddf8 Velessia clothes<\/p>","protected":false},"author":1,"featured_media":0,"parent":0,"menu_order":0,"comment_status":"closed","ping_status":"closed","template":"","meta":{"footnotes":""},"class_list":["post-407","page","type-page","status-publish","hentry"],"_links":{"self":[{"href":"https:\/\/velessia-clothes.com\/en\/wp-json\/wp\/v2\/pages\/407","targetHints":{"allow":["GET"]}}],"collection":[{"href":"https:\/\/velessia-clothes.com\/en\/wp-json\/wp\/v2\/pages"}],"about":[{"href":"https:\/\/velessia-clothes.com\/en\/wp-json\/wp\/v2\/types\/page"}],"author":[{"embeddable":true,"href":"https:\/\/velessia-clothes.com\/en\/wp-json\/wp\/v2\/users\/1"}],"replies":[{"embeddable":true,"href":"https:\/\/velessia-clothes.com\/en\/wp-json\/wp\/v2\/comments?post=407"}],"version-history":[{"count":3,"href":"https:\/\/velessia-clothes.com\/en\/wp-json\/wp\/v2\/pages\/407\/revisions"}],"predecessor-version":[{"id":1207,"href":"https:\/\/velessia-clothes.com\/en\/wp-json\/wp\/v2\/pages\/407\/revisions\/1207"}],"wp:attachment":[{"href":"https:\/\/velessia-clothes.com\/en\/wp-json\/wp\/v2\/media?parent=407"}],"curies":[{"name":"wp","href":"https:\/\/api.w.org\/{rel}","templated":true}]}}