{"id":1240,"date":"2026-04-26T14:50:49","date_gmt":"2026-04-26T12:50:49","guid":{"rendered":"https:\/\/velessia-clothes.com\/?post_type=product&#038;p=1240"},"modified":"2026-04-26T15:09:53","modified_gmt":"2026-04-26T13:09:53","slug":"elegantni-divci-set-2v1-%f0%9f%91%97%e2%9c%a8","status":"publish","type":"product","link":"https:\/\/velessia-clothes.com\/en\/product\/elegantni-divci-set-2v1-%f0%9f%91%97%e2%9c%a8\/","title":{"rendered":"Elegantn\u00ed d\u00edv\u010d\u00ed set 2v1 \ud83d\udc57\u2728"},"content":{"rendered":"<div class=\"\" data-turn-id-container=\"14f7eb6d-7e56-44d9-bccd-9b5ab96a33bc\" data-is-intersecting=\"true\"><strong data-start=\"0\" data-end=\"31\">Elegantn\u00ed d\u00edv\u010d\u00ed set 2v1 \ud83d\udc57\u2728<\/strong><\/div>\n<div class=\"\" data-turn-id-container=\"request-WEB:dfd0df3b-ba47-485b-960b-664ec8222c44-4\" data-is-intersecting=\"true\">\n<section class=\"text-token-text-primary w-full focus:outline-none [--shadow-height:45px] has-data-writing-block:pointer-events-none has-data-writing-block:-mt-(--shadow-height) has-data-writing-block:pt-(--shadow-height) [&amp;:has([data-writing-block])&gt;*]:pointer-events-auto R6Vx5W_threadScrollVars scroll-mb-[calc(var(--scroll-root-safe-area-inset-bottom,0px)+var(--thread-response-height))] scroll-mt-[calc(var(--header-height)+min(200px,max(70px,20svh)))]\" dir=\"auto\" data-turn-id=\"request-WEB:dfd0df3b-ba47-485b-960b-664ec8222c44-4\" data-testid=\"conversation-turn-10\" data-scroll-anchor=\"false\" data-turn=\"assistant\">\n<div class=\"text-base my-auto mx-auto pb-10 [--thread-content-margin:var(--thread-content-margin-xs,calc(var(--spacing)*4))] @w-sm\/main:[--thread-content-margin:var(--thread-content-margin-sm,calc(var(--spacing)*6))] @w-lg\/main:[--thread-content-margin:var(--thread-content-margin-lg,calc(var(--spacing)*16))] px-(--thread-content-margin)\">\n<div class=\"[--thread-content-max-width:40rem] @w-lg\/main:[--thread-content-max-width:48rem] mx-auto max-w-(--thread-content-max-width) flex-1 group\/turn-messages focus-visible:outline-hidden relative flex w-full min-w-0 flex-col agent-turn\">\n<div class=\"flex max-w-full flex-col gap-4 grow\">\n<div class=\"min-h-8 text-message relative flex w-full flex-col items-end gap-2 text-start break-words whitespace-normal outline-none keyboard-focused:focus-ring [.text-message+&amp;]:mt-1\" dir=\"auto\" tabindex=\"0\" data-message-author-role=\"assistant\" data-message-id=\"ff5496ee-d1b1-41a1-8b95-8296580bcd70\" data-message-model-slug=\"gpt-5-3\" data-turn-start-message=\"true\">\n<div class=\"flex w-full flex-col gap-1 empty:hidden\">\n<div class=\"markdown prose dark:prose-invert w-full wrap-break-word light markdown-new-styling\">\n<p data-start=\"33\" data-end=\"201\">Stylov\u00fd komplet pro malou princeznu na oslavy, focen\u00ed, narozeniny, sv\u00e1tky nebo rodinn\u00e9 ud\u00e1losti. Jemn\u00fd a pohodln\u00fd outfit, ve kter\u00e9m bude va\u0161e hol\u010di\u010dka vypadat kouzeln\u011b.<\/p>\n<p data-start=\"203\" data-end=\"319\"><strong data-start=\"203\" data-end=\"220\">Set obsahuje:<\/strong><br data-start=\"220\" data-end=\"223\" \/>\u2714\ufe0f Elegantn\u00ed halenku s dlouh\u00fdm ruk\u00e1vem a vol\u00e1nkem<br data-start=\"272\" data-end=\"275\" \/>\u2714\ufe0f Kostkovanou suk\u00fdnku<br data-start=\"297\" data-end=\"300\" \/>\u2714\ufe0f Ozdobnou ma\u0161li<\/p>\n<p data-start=\"321\" data-end=\"417\"><strong data-start=\"321\" data-end=\"340\">Dostupn\u00e9 barvy:<\/strong><br data-start=\"340\" data-end=\"343\" \/>\ud83d\udc9c Fialov\u00e1 kostka<br data-start=\"360\" data-end=\"363\" \/>\ud83e\ude76 \u0160ed\u00e1 kostka<br data-start=\"377\" data-end=\"380\" \/>\ud83e\udd0e B\u00e9\u017eov\u00e1 kostka<br data-start=\"396\" data-end=\"399\" \/>\ud83e\ude77 R\u016f\u017eov\u00e1 kostka<\/p>\n<p data-start=\"419\" data-end=\"573\"><strong data-start=\"419\" data-end=\"430\">V\u00fdhody:<\/strong><br data-start=\"430\" data-end=\"433\" \/>\u2022 M\u011bkk\u00fd a p\u0159\u00edjemn\u00fd materi\u00e1l<br data-start=\"460\" data-end=\"463\" \/>\u2022 Pohodln\u00fd st\u0159ih pro d\u00edt\u011b<br data-start=\"488\" data-end=\"491\" \/>\u2022 Modern\u00ed elegantn\u00ed design<br data-start=\"517\" data-end=\"520\" \/>\u2022 Ide\u00e1ln\u00ed na podzim, zimu i slavnostn\u00ed p\u0159\u00edle\u017eitosti<\/p>\n<\/div>\n<\/div>\n<\/div>\n<\/div>\n<\/div>\n<\/div>\n<\/section>\n<\/div>","protected":false},"excerpt":{"rendered":"<p>Elegantn\u00ed d\u00edv\u010d\u00ed set 2v1 \ud83d\udc57\u2728 Stylov\u00fd komplet pro malou princeznu na oslavy, focen\u00ed, narozeniny, sv\u00e1tky nebo rodinn\u00e9 ud\u00e1losti. Jemn\u00fd a<\/p>","protected":false},"featured_media":1241,"comment_status":"open","ping_status":"closed","template":"","meta":[],"product_brand":[],"product_cat":[25],"product_tag":[],"class_list":{"0":"post-1240","1":"product","2":"type-product","3":"status-publish","4":"has-post-thumbnail","6":"product_cat-obleceni","7":"pa_barva-bezova","8":"pa_barva-fialova","9":"pa_barva-ruzova","10":"pa_barva-seda","11":"pa_podle-typu-zbozi-elegantni-divci-set-2v1","12":"pa_vek-miminka-6-24-mesicu","13":"pa_velikost-12-mesicu","14":"pa_velikost-24-mesicu","15":"pa_velikost-6-mesicu","16":"pa_velikost-9-mesicu","18":"first","19":"instock","20":"sale","21":"shipping-taxable","22":"purchasable","23":"product-type-variable"},"_links":{"self":[{"href":"https:\/\/velessia-clothes.com\/en\/wp-json\/wp\/v2\/product\/1240","targetHints":{"allow":["GET"]}}],"collection":[{"href":"https:\/\/velessia-clothes.com\/en\/wp-json\/wp\/v2\/product"}],"about":[{"href":"https:\/\/velessia-clothes.com\/en\/wp-json\/wp\/v2\/types\/product"}],"replies":[{"embeddable":true,"href":"https:\/\/velessia-clothes.com\/en\/wp-json\/wp\/v2\/comments?post=1240"}],"version-history":[{"count":1,"href":"https:\/\/velessia-clothes.com\/en\/wp-json\/wp\/v2\/product\/1240\/revisions"}],"predecessor-version":[{"id":1246,"href":"https:\/\/velessia-clothes.com\/en\/wp-json\/wp\/v2\/product\/1240\/revisions\/1246"}],"wp:featuredmedia":[{"embeddable":true,"href":"https:\/\/velessia-clothes.com\/en\/wp-json\/wp\/v2\/media\/1241"}],"wp:attachment":[{"href":"https:\/\/velessia-clothes.com\/en\/wp-json\/wp\/v2\/media?parent=1240"}],"wp:term":[{"taxonomy":"product_brand","embeddable":true,"href":"https:\/\/velessia-clothes.com\/en\/wp-json\/wp\/v2\/product_brand?post=1240"},{"taxonomy":"product_cat","embeddable":true,"href":"https:\/\/velessia-clothes.com\/en\/wp-json\/wp\/v2\/product_cat?post=1240"},{"taxonomy":"product_tag","embeddable":true,"href":"https:\/\/velessia-clothes.com\/en\/wp-json\/wp\/v2\/product_tag?post=1240"}],"curies":[{"name":"wp","href":"https:\/\/api.w.org\/{rel}","templated":true}]}}