{"id":1318,"date":"2026-04-26T23:36:12","date_gmt":"2026-04-26T21:36:12","guid":{"rendered":"https:\/\/velessia-clothes.com\/?post_type=product&#038;p=1318"},"modified":"2026-04-26T23:36:13","modified_gmt":"2026-04-26T21:36:13","slug":"stylova-detska-souprava-3v1-%f0%9f%91%b6%e2%9c%a8","status":"publish","type":"product","link":"https:\/\/velessia-clothes.com\/en\/product\/stylova-detska-souprava-3v1-%f0%9f%91%b6%e2%9c%a8\/","title":{"rendered":"Stylov\u00e1 d\u011btsk\u00e1 souprava 3v1 \ud83d\udc76\u2728"},"content":{"rendered":"<section class=\"text-token-text-primary w-full focus:outline-none [--shadow-height:45px] has-data-writing-block:pointer-events-none has-data-writing-block:-mt-(--shadow-height) has-data-writing-block:pt-(--shadow-height) [&amp;:has([data-writing-block])&gt;*]:pointer-events-auto R6Vx5W_threadScrollVars scroll-mb-[calc(var(--scroll-root-safe-area-inset-bottom,0px)+var(--thread-response-height))] scroll-mt-(--header-height)\" dir=\"auto\" data-turn-id=\"41ae4a49-c346-4396-bd0d-2103a8220b49\" data-testid=\"conversation-turn-29\" data-scroll-anchor=\"false\" data-turn=\"user\"><\/section>\n<section class=\"text-token-text-primary w-full focus:outline-none [--shadow-height:45px] has-data-writing-block:pointer-events-none has-data-writing-block:-mt-(--shadow-height) has-data-writing-block:pt-(--shadow-height) [&amp;:has([data-writing-block])&gt;*]:pointer-events-auto [content-visibility:auto] supports-[content-visibility:auto]:[contain-intrinsic-size:auto_100lvh] R6Vx5W_threadScrollVars scroll-mb-[calc(var(--scroll-root-safe-area-inset-bottom,0px)+var(--thread-response-height))] scroll-mt-[calc(var(--header-height)+min(200px,max(70px,20svh)))]\" dir=\"auto\" data-turn-id=\"request-69ee05ea-9c64-8393-a822-8a7abc02c6ea-0\" data-testid=\"conversation-turn-30\" data-scroll-anchor=\"false\" data-turn=\"assistant\">\n<div class=\"text-base my-auto mx-auto pb-10 [--thread-content-margin:var(--thread-content-margin-xs,calc(var(--spacing)*4))] @w-sm\/main:[--thread-content-margin:var(--thread-content-margin-sm,calc(var(--spacing)*6))] @w-lg\/main:[--thread-content-margin:var(--thread-content-margin-lg,calc(var(--spacing)*16))] px-(--thread-content-margin)\">\n<div class=\"[--thread-content-max-width:40rem] @w-lg\/main:[--thread-content-max-width:48rem] mx-auto max-w-(--thread-content-max-width) flex-1 group\/turn-messages focus-visible:outline-hidden relative flex w-full min-w-0 flex-col agent-turn\">\n<div class=\"flex max-w-full flex-col gap-4 grow\">\n<div class=\"min-h-8 text-message relative flex w-full flex-col items-end gap-2 text-start break-words whitespace-normal outline-none keyboard-focused:focus-ring [.text-message+&amp;]:mt-1\" dir=\"auto\" tabindex=\"0\" data-message-author-role=\"assistant\" data-message-id=\"a8c795fa-8cf4-4967-a70d-04bd90a5e646\" data-message-model-slug=\"gpt-5-3\" data-turn-start-message=\"true\">\n<div class=\"flex w-full flex-col gap-1 empty:hidden\">\n<div class=\"markdown prose dark:prose-invert w-full wrap-break-word light markdown-new-styling\">\n<p data-start=\"0\" data-end=\"35\"><strong data-start=\"0\" data-end=\"35\">Stylov\u00e1 d\u011btsk\u00e1 souprava 3v1 \ud83d\udc76\u2728<\/strong><\/p>\n<p data-start=\"37\" data-end=\"176\">Modern\u00ed a pohodln\u00fd komplet pro mal\u00e9 d\u011bti na proch\u00e1zky, n\u00e1v\u0161t\u011bvy i ka\u017edodenn\u00ed no\u0161en\u00ed. Trendy design a m\u011bkk\u00fd materi\u00e1l zajist\u00ed styl i pohodl\u00ed.<\/p>\n<p data-start=\"178\" data-end=\"319\"><strong data-start=\"178\" data-end=\"195\">Set obsahuje:<\/strong><br data-start=\"195\" data-end=\"198\" \/>\u2714\ufe0f Mikinu s dlouh\u00fdm ruk\u00e1vem a potiskem<br data-start=\"236\" data-end=\"239\" \/>\u2714\ufe0f Zateplenou vestu bez ruk\u00e1v\u016f<br data-start=\"269\" data-end=\"272\" \/>\u2714\ufe0f Pohodln\u00e9 pruhovan\u00e9 kalhoty s pru\u017en\u00fdm pasem<\/p>\n<p data-start=\"321\" data-end=\"376\"><strong data-start=\"321\" data-end=\"340\">Dostupn\u00e9 barvy:<\/strong><br data-start=\"340\" data-end=\"343\" \/>\ud83d\udc99 Modr\u00e1<br data-start=\"351\" data-end=\"354\" \/>\ud83e\udd0e Hn\u011bd\u00e1<br data-start=\"362\" data-end=\"365\" \/>\ud83e\udd0d B\u00e9\u017eov\u00e1<\/p>\n<p data-start=\"378\" data-end=\"521\"><strong data-start=\"378\" data-end=\"389\">V\u00fdhody:<\/strong><br data-start=\"389\" data-end=\"392\" \/>\u2022 P\u0159\u00edjemn\u00fd a m\u011bkk\u00fd materi\u00e1l<br data-start=\"419\" data-end=\"422\" \/>\u2022 Pohodln\u00fd st\u0159ih pro d\u00edt\u011b<br data-start=\"447\" data-end=\"450\" \/>\u2022 Stylov\u00fd modern\u00ed vzhled<br data-start=\"474\" data-end=\"477\" \/>\u2022 Ide\u00e1ln\u00ed na jaro, podzim i chladn\u011bj\u0161\u00ed dny<\/p>\n<\/div>\n<\/div>\n<\/div>\n<\/div>\n<\/div>\n<\/div>\n<\/section>","protected":false},"excerpt":{"rendered":"<p>Stylov\u00e1 d\u011btsk\u00e1 souprava 3v1 \ud83d\udc76\u2728 Modern\u00ed a pohodln\u00fd komplet pro mal\u00e9 d\u011bti na proch\u00e1zky, n\u00e1v\u0161t\u011bvy i ka\u017edodenn\u00ed no\u0161en\u00ed. Trendy design<\/p>","protected":false},"featured_media":1330,"comment_status":"open","ping_status":"closed","template":"","meta":[],"product_brand":[],"product_cat":[25],"product_tag":[],"class_list":{"0":"post-1318","1":"product","2":"type-product","3":"status-publish","4":"has-post-thumbnail","6":"product_cat-obleceni","7":"pa_barva-hneda","8":"pa_barva-modra","9":"pa_vek-miminka-9-18-mesicu","10":"pa_velikost-12-mesicu","11":"pa_velikost-18-mesicu","12":"pa_velikost-9-mesicu","14":"first","15":"instock","16":"sale","17":"shipping-taxable","18":"purchasable","19":"product-type-variable"},"_links":{"self":[{"href":"https:\/\/velessia-clothes.com\/en\/wp-json\/wp\/v2\/product\/1318","targetHints":{"allow":["GET"]}}],"collection":[{"href":"https:\/\/velessia-clothes.com\/en\/wp-json\/wp\/v2\/product"}],"about":[{"href":"https:\/\/velessia-clothes.com\/en\/wp-json\/wp\/v2\/types\/product"}],"replies":[{"embeddable":true,"href":"https:\/\/velessia-clothes.com\/en\/wp-json\/wp\/v2\/comments?post=1318"}],"version-history":[{"count":1,"href":"https:\/\/velessia-clothes.com\/en\/wp-json\/wp\/v2\/product\/1318\/revisions"}],"predecessor-version":[{"id":1331,"href":"https:\/\/velessia-clothes.com\/en\/wp-json\/wp\/v2\/product\/1318\/revisions\/1331"}],"wp:featuredmedia":[{"embeddable":true,"href":"https:\/\/velessia-clothes.com\/en\/wp-json\/wp\/v2\/media\/1330"}],"wp:attachment":[{"href":"https:\/\/velessia-clothes.com\/en\/wp-json\/wp\/v2\/media?parent=1318"}],"wp:term":[{"taxonomy":"product_brand","embeddable":true,"href":"https:\/\/velessia-clothes.com\/en\/wp-json\/wp\/v2\/product_brand?post=1318"},{"taxonomy":"product_cat","embeddable":true,"href":"https:\/\/velessia-clothes.com\/en\/wp-json\/wp\/v2\/product_cat?post=1318"},{"taxonomy":"product_tag","embeddable":true,"href":"https:\/\/velessia-clothes.com\/en\/wp-json\/wp\/v2\/product_tag?post=1318"}],"curies":[{"name":"wp","href":"https:\/\/api.w.org\/{rel}","templated":true}]}}