{"id":1399,"date":"2026-04-27T22:29:31","date_gmt":"2026-04-27T20:29:31","guid":{"rendered":"https:\/\/velessia-clothes.com\/?post_type=product&#038;p=1399"},"modified":"2026-04-27T22:30:25","modified_gmt":"2026-04-27T20:30:25","slug":"stylovy-3-dilny-chlapecky-komplet-%f0%9f%91%b6%e2%9c%a8","status":"publish","type":"product","link":"https:\/\/velessia-clothes.com\/en\/product\/stylovy-3-dilny-chlapecky-komplet-%f0%9f%91%b6%e2%9c%a8\/","title":{"rendered":"Stylov\u00fd 3 d\u00edln\u00fd chlapeck\u00fd komplet \ud83d\udc76\u2728"},"content":{"rendered":"<p data-start=\"0\" data-end=\"36\">Stylov\u00fd 3d\u00edln\u00fd chlapeck\u00fd komplet \ud83d\udc76\u2728<\/p>\n<p data-start=\"38\" data-end=\"205\">Modern\u00ed a pohodln\u00fd outfit pro mal\u00e9ho eleg\u00e1na, ide\u00e1ln\u00ed na b\u011b\u017en\u00e9 no\u0161en\u00ed, oslavy, focen\u00ed i rodinn\u00e9 n\u00e1v\u0161t\u011bvy. Stylov\u00e1 kostkovan\u00e1 ko\u0161ile dod\u00e1v\u00e1 kompletu elegantn\u00ed vzhled \ud83d\udc99<\/p>\n<p data-start=\"207\" data-end=\"310\">Set obsahuje:<br data-start=\"220\" data-end=\"223\" \/>\u2714\ufe0f Kostkovan\u00e1 ko\u0161ile na knofl\u00edky<br data-start=\"255\" data-end=\"258\" \/>\u2714\ufe0f Tri\u010dko s potiskem<br data-start=\"278\" data-end=\"281\" \/>\u2714\ufe0f Pohodln\u00e9 kalhoty do gumy<\/p>\n<p data-start=\"312\" data-end=\"437\">Dostupn\u00e9 barvy:<br data-start=\"327\" data-end=\"330\" \/>\u2764\ufe0f Bord\u00f3 kostka + modr\u00e9 kalhoty<br data-start=\"361\" data-end=\"364\" \/>\ud83d\udda4 \u010cerno-b\u00edl\u00e1 kostka + tmav\u00e9 kalhoty<br data-start=\"400\" data-end=\"403\" \/>\ud83d\udc99 Modr\u00e1 kostka + sv\u011btl\u00e9 kalhoty<\/p>\n<p data-start=\"439\" data-end=\"582\" data-is-last-node=\"\" data-is-only-node=\"\">V\u00fdhody:<br data-start=\"446\" data-end=\"449\" \/>\u2022 Pohodln\u00fd st\u0159ih pro miminka<br data-start=\"477\" data-end=\"480\" \/>\u2022 P\u0159\u00edjemn\u00fd a kvalitn\u00ed materi\u00e1l<br data-start=\"510\" data-end=\"513\" \/>\u2022 Stylov\u00fd modern\u00ed design<br data-start=\"537\" data-end=\"540\" \/>\u2022 Ide\u00e1ln\u00ed na jaro, podzim i chladn\u011bj\u0161\u00ed dny<\/p>","protected":false},"excerpt":{"rendered":"<p>Stylov\u00fd 3d\u00edln\u00fd chlapeck\u00fd komplet \ud83d\udc76\u2728 Modern\u00ed a pohodln\u00fd outfit pro mal\u00e9ho eleg\u00e1na, ide\u00e1ln\u00ed na b\u011b\u017en\u00e9 no\u0161en\u00ed, oslavy, focen\u00ed i rodinn\u00e9<\/p>","protected":false},"featured_media":1412,"comment_status":"open","ping_status":"closed","template":"","meta":[],"product_brand":[],"product_cat":[25],"product_tag":[],"class_list":{"0":"post-1399","1":"product","2":"type-product","3":"status-publish","4":"has-post-thumbnail","6":"product_cat-obleceni","7":"pa_barva-ruzova","8":"pa_barva-zelena","9":"pa_vek-9-36","10":"pa_vek-miminka-9-24-mesicu","11":"pa_velikost-18-mesicu","12":"pa_velikost-24-mesicu","13":"pa_velikost-36-mesicu","14":"pa_velikost-9-mesicu","16":"first","17":"instock","18":"shipping-taxable","19":"purchasable","20":"product-type-variable"},"_links":{"self":[{"href":"https:\/\/velessia-clothes.com\/en\/wp-json\/wp\/v2\/product\/1399","targetHints":{"allow":["GET"]}}],"collection":[{"href":"https:\/\/velessia-clothes.com\/en\/wp-json\/wp\/v2\/product"}],"about":[{"href":"https:\/\/velessia-clothes.com\/en\/wp-json\/wp\/v2\/types\/product"}],"replies":[{"embeddable":true,"href":"https:\/\/velessia-clothes.com\/en\/wp-json\/wp\/v2\/comments?post=1399"}],"version-history":[{"count":2,"href":"https:\/\/velessia-clothes.com\/en\/wp-json\/wp\/v2\/product\/1399\/revisions"}],"predecessor-version":[{"id":1417,"href":"https:\/\/velessia-clothes.com\/en\/wp-json\/wp\/v2\/product\/1399\/revisions\/1417"}],"wp:featuredmedia":[{"embeddable":true,"href":"https:\/\/velessia-clothes.com\/en\/wp-json\/wp\/v2\/media\/1412"}],"wp:attachment":[{"href":"https:\/\/velessia-clothes.com\/en\/wp-json\/wp\/v2\/media?parent=1399"}],"wp:term":[{"taxonomy":"product_brand","embeddable":true,"href":"https:\/\/velessia-clothes.com\/en\/wp-json\/wp\/v2\/product_brand?post=1399"},{"taxonomy":"product_cat","embeddable":true,"href":"https:\/\/velessia-clothes.com\/en\/wp-json\/wp\/v2\/product_cat?post=1399"},{"taxonomy":"product_tag","embeddable":true,"href":"https:\/\/velessia-clothes.com\/en\/wp-json\/wp\/v2\/product_tag?post=1399"}],"curies":[{"name":"wp","href":"https:\/\/api.w.org\/{rel}","templated":true}]}}