{"id":1369,"date":"2026-04-27T22:14:58","date_gmt":"2026-04-27T20:14:58","guid":{"rendered":"https:\/\/velessia-clothes.com\/?post_type=product&#038;p=1369"},"modified":"2026-04-27T22:14:58","modified_gmt":"2026-04-27T20:14:58","slug":"roztomily-detsky-komplet-s-medvidkem-%f0%9f%a7%b8%e2%9c%a8","status":"publish","type":"product","link":"https:\/\/velessia-clothes.com\/ru\/product\/roztomily-detsky-komplet-s-medvidkem-%f0%9f%a7%b8%e2%9c%a8\/","title":{"rendered":"Roztomil\u00fd d\u011btsk\u00fd komplet s medv\u00eddkem \ud83e\uddf8\u2728"},"content":{"rendered":"<p data-start=\"0\" data-end=\"44\"><strong data-start=\"0\" data-end=\"44\">Roztomil\u00fd d\u011btsk\u00fd komplet s medv\u00eddkem \ud83e\uddf8\u2728<\/strong><\/p>\n<p data-start=\"46\" data-end=\"201\">Stylov\u00fd a pohodln\u00fd outfit pro miminko, ide\u00e1ln\u00ed na b\u011b\u017en\u00e9 no\u0161en\u00ed, proch\u00e1zky i focen\u00ed. Jemn\u00e9 barvy a kr\u00e1sn\u00e1 v\u00fd\u0161ivka medv\u00eddka z n\u011bj d\u011blaj\u00ed origin\u00e1ln\u00ed kousek \ud83d\udc9b<\/p>\n<p data-start=\"203\" data-end=\"335\"><strong data-start=\"203\" data-end=\"220\">Set obsahuje:<\/strong><br data-start=\"220\" data-end=\"223\" \/>\u2714\ufe0f Ko\u0161ilka \/ halenka na knofl\u00edky s kapuc\u00ed<br data-start=\"264\" data-end=\"267\" \/>\u2714\ufe0f Pohodln\u00e9 kalhoty do gumy<br data-start=\"294\" data-end=\"297\" \/>\u2714\ufe0f V\u00fd\u0161ivka medv\u00eddka na p\u0159edn\u00ed stran\u011b<\/p>\n<p data-start=\"337\" data-end=\"446\"><strong data-start=\"337\" data-end=\"356\">Dostupn\u00e9 barvy:<\/strong><br data-start=\"356\" data-end=\"359\" \/>\ud83d\udc9a Zelen\u00e1 + b\u00e9\u017eov\u00e1<br data-start=\"377\" data-end=\"380\" \/>\ud83e\udd0e Hn\u011bd\u00e1 + b\u00e9\u017eov\u00e1<br data-start=\"397\" data-end=\"400\" \/>\ud83e\udd0d B\u00e9\u017eov\u00e1 + tmav\u011b modr\u00e1<br data-start=\"423\" data-end=\"426\" \/>\ud83e\udd0d Kr\u00e9mov\u00e1 + modr\u00e1<\/p>\n<p data-start=\"448\" data-end=\"598\"><strong data-start=\"448\" data-end=\"459\">V\u00fdhody:<\/strong><br data-start=\"459\" data-end=\"462\" \/>\u2022 Lehk\u00fd a p\u0159\u00edjemn\u00fd materi\u00e1l<br data-start=\"489\" data-end=\"492\" \/>\u2022 Pohodln\u00fd st\u0159ih pro miminka<br data-start=\"520\" data-end=\"523\" \/>\u2022 Stylov\u00fd a roztomil\u00fd design<br data-start=\"551\" data-end=\"554\" \/>\u2022 Ide\u00e1ln\u00ed na jaro, podzim i chladn\u011bj\u0161\u00ed dny<\/p>","protected":false},"excerpt":{"rendered":"<p>Roztomil\u00fd d\u011btsk\u00fd komplet s medv\u00eddkem \ud83e\uddf8\u2728 Stylov\u00fd a pohodln\u00fd outfit pro miminko, ide\u00e1ln\u00ed na b\u011b\u017en\u00e9 no\u0161en\u00ed, proch\u00e1zky i focen\u00ed. Jemn\u00e9<\/p>","protected":false},"featured_media":1390,"comment_status":"open","ping_status":"closed","template":"","meta":[],"product_brand":[],"product_cat":[25],"product_tag":[],"class_list":{"0":"post-1369","1":"product","2":"type-product","3":"status-publish","4":"has-post-thumbnail","6":"product_cat-obleceni","7":"pa_barva-bezova","8":"pa_barva-bila","9":"pa_barva-hneda","10":"pa_barva-zelena","11":"pa_podle-typu-zbozi-detsky-komplet","12":"pa_vek-miminka-9-24-mesicu","13":"pa_velikost-12-mesicu","14":"pa_velikost-18-mesicu","15":"pa_velikost-24-mesicu","16":"pa_velikost-9-mesicu","18":"first","19":"instock","20":"shipping-taxable","21":"purchasable","22":"product-type-variable"},"_links":{"self":[{"href":"https:\/\/velessia-clothes.com\/ru\/wp-json\/wp\/v2\/product\/1369","targetHints":{"allow":["GET"]}}],"collection":[{"href":"https:\/\/velessia-clothes.com\/ru\/wp-json\/wp\/v2\/product"}],"about":[{"href":"https:\/\/velessia-clothes.com\/ru\/wp-json\/wp\/v2\/types\/product"}],"replies":[{"embeddable":true,"href":"https:\/\/velessia-clothes.com\/ru\/wp-json\/wp\/v2\/comments?post=1369"}],"version-history":[{"count":1,"href":"https:\/\/velessia-clothes.com\/ru\/wp-json\/wp\/v2\/product\/1369\/revisions"}],"predecessor-version":[{"id":1398,"href":"https:\/\/velessia-clothes.com\/ru\/wp-json\/wp\/v2\/product\/1369\/revisions\/1398"}],"wp:featuredmedia":[{"embeddable":true,"href":"https:\/\/velessia-clothes.com\/ru\/wp-json\/wp\/v2\/media\/1390"}],"wp:attachment":[{"href":"https:\/\/velessia-clothes.com\/ru\/wp-json\/wp\/v2\/media?parent=1369"}],"wp:term":[{"taxonomy":"product_brand","embeddable":true,"href":"https:\/\/velessia-clothes.com\/ru\/wp-json\/wp\/v2\/product_brand?post=1369"},{"taxonomy":"product_cat","embeddable":true,"href":"https:\/\/velessia-clothes.com\/ru\/wp-json\/wp\/v2\/product_cat?post=1369"},{"taxonomy":"product_tag","embeddable":true,"href":"https:\/\/velessia-clothes.com\/ru\/wp-json\/wp\/v2\/product_tag?post=1369"}],"curies":[{"name":"wp","href":"https:\/\/api.w.org\/{rel}","templated":true}]}}