{"id":1461,"date":"2026-04-27T23:10:37","date_gmt":"2026-04-27T21:10:37","guid":{"rendered":"https:\/\/velessia-clothes.com\/?post_type=product&#038;p=1461"},"modified":"2026-04-27T23:13:28","modified_gmt":"2026-04-27T21:13:28","slug":"elegantni-detsky-komplet-ve-stylu-gentleman-%f0%9f%91%94%e2%9c%a8","status":"publish","type":"product","link":"https:\/\/velessia-clothes.com\/ru\/product\/elegantni-detsky-komplet-ve-stylu-gentleman-%f0%9f%91%94%e2%9c%a8\/","title":{"rendered":"Elegantn\u00ed d\u011btsk\u00fd komplet ve stylu gentleman \ud83d\udc54\u2728"},"content":{"rendered":"<section class=\"text-token-text-primary w-full focus:outline-none [--shadow-height:45px] has-data-writing-block:pointer-events-none has-data-writing-block:-mt-(--shadow-height) has-data-writing-block:pt-(--shadow-height) [&amp;:has([data-writing-block])&gt;*]:pointer-events-auto R6Vx5W_threadScrollVars scroll-mb-[calc(var(--scroll-root-safe-area-inset-bottom,0px)+var(--thread-response-height))] scroll-mt-(--header-height)\" dir=\"auto\" data-turn-id=\"14a72b59-dcfc-45db-9512-7a278ba98c44\" data-testid=\"conversation-turn-75\" data-scroll-anchor=\"false\" data-turn=\"user\"><\/section>\n<section class=\"text-token-text-primary w-full focus:outline-none [--shadow-height:45px] has-data-writing-block:pointer-events-none has-data-writing-block:-mt-(--shadow-height) has-data-writing-block:pt-(--shadow-height) [&amp;:has([data-writing-block])&gt;*]:pointer-events-auto [content-visibility:auto] supports-[content-visibility:auto]:[contain-intrinsic-size:auto_100lvh] R6Vx5W_threadScrollVars scroll-mb-[calc(var(--scroll-root-safe-area-inset-bottom,0px)+var(--thread-response-height))] scroll-mt-[calc(var(--header-height)+min(200px,max(70px,20svh)))]\" dir=\"auto\" data-turn-id=\"request-69ee05ea-9c64-8393-a822-8a7abc02c6ea-12\" data-testid=\"conversation-turn-76\" data-scroll-anchor=\"false\" data-turn=\"assistant\">\n<div class=\"text-base my-auto mx-auto pb-10 [--thread-content-margin:var(--thread-content-margin-xs,calc(var(--spacing)*4))] @w-sm\/main:[--thread-content-margin:var(--thread-content-margin-sm,calc(var(--spacing)*6))] @w-lg\/main:[--thread-content-margin:var(--thread-content-margin-lg,calc(var(--spacing)*16))] px-(--thread-content-margin)\">\n<div class=\"[--thread-content-max-width:40rem] @w-lg\/main:[--thread-content-max-width:48rem] mx-auto max-w-(--thread-content-max-width) flex-1 group\/turn-messages focus-visible:outline-hidden relative flex w-full min-w-0 flex-col agent-turn\">\n<div class=\"flex max-w-full flex-col gap-4 grow\">\n<div class=\"min-h-8 text-message relative flex w-full flex-col items-end gap-2 text-start break-words whitespace-normal outline-none keyboard-focused:focus-ring [.text-message+&amp;]:mt-1\" dir=\"auto\" tabindex=\"0\" data-message-author-role=\"assistant\" data-message-id=\"ce057b8f-4471-40e7-ae46-c2da3fc5ccc9\" data-message-model-slug=\"gpt-5-3\" data-turn-start-message=\"true\">\n<div class=\"flex w-full flex-col gap-1 empty:hidden\">\n<div class=\"markdown prose dark:prose-invert w-full wrap-break-word light markdown-new-styling\">\n<p data-start=\"0\" data-end=\"47\">Elegantn\u00ed d\u011btsk\u00fd komplet ve stylu gentleman \ud83d\udc54\u2728<\/p>\n<p data-start=\"49\" data-end=\"236\">Stylov\u00fd a pohodln\u00fd outfit pro mal\u00e9ho fe\u0161\u00e1ka, ide\u00e1ln\u00ed na oslavy, focen\u00ed, rodinn\u00e9 n\u00e1v\u0161t\u011bvy i b\u011b\u017en\u00e9 no\u0161en\u00ed. Modern\u00ed sako, ko\u0161ilka s mot\u00fdlkem a pohodln\u00e9 d\u017e\u00edny tvo\u0159\u00ed dokonal\u00fd elegantn\u00ed look \ud83d\udc99<\/p>\n<p data-start=\"238\" data-end=\"341\">Set obsahuje:<br \/>\n\u2714\ufe0f Stylov\u00e9 sako na knofl\u00edky<br data-start=\"279\" data-end=\"282\" \/>\u2714\ufe0f B\u00edlou ko\u0161ilku s mot\u00fdlkem<br data-start=\"309\" data-end=\"312\" \/>\u2714\ufe0f Pohodln\u00e9 d\u017e\u00ednov\u00e9 kalhoty<\/p>\n<p data-start=\"343\" data-end=\"420\">Dostupn\u00e9 barvy:<br \/>\n\ud83d\udc99 Modr\u00e1<br data-start=\"385\" data-end=\"388\" \/>\ud83e\udd0e Hn\u011bda<br data-start=\"397\" data-end=\"400\" \/>\ud83d\udc99 Kr\u00e1lovsky modr\u00e1<\/p>\n<p data-start=\"422\" data-end=\"622\" data-is-last-node=\"\" data-is-only-node=\"\">V\u00fdhody:<br \/>\n\u2022 Pohodln\u00fd a p\u0159\u00edjemn\u00fd materi\u00e1l<br data-start=\"460\" data-end=\"463\" \/>\u2022 Elegantn\u00ed st\u0159ih pro d\u011bti<br data-start=\"489\" data-end=\"492\" \/>\u2022 Stylov\u00fd outfit na speci\u00e1ln\u00ed p\u0159\u00edle\u017eitosti<br data-start=\"534\" data-end=\"537\" \/>\u2022 Snadn\u00e9 obl\u00e9k\u00e1n\u00ed a pohodln\u00e9 no\u0161en\u00ed<br data-start=\"572\" data-end=\"575\" \/>\u2022 Ide\u00e1ln\u00ed na jaro, podzim i slavnostn\u00ed ud\u00e1losti<\/p>\n<\/div>\n<\/div>\n<\/div>\n<\/div>\n<div class=\"z-0 flex min-h-[46px] justify-start\"><\/div>\n<div class=\"mt-3 w-full empty:hidden\">\n<div class=\"text-center\"><\/div>\n<\/div>\n<\/div>\n<\/div>\n<\/section>\n<div class=\"pointer-events-none -mt-px h-px translate-y-[calc(var(--scroll-root-safe-area-inset-bottom)-14*var(--spacing))]\" aria-hidden=\"true\"><\/div>","protected":false},"excerpt":{"rendered":"<p>Elegantn\u00ed d\u011btsk\u00fd komplet ve stylu gentleman \ud83d\udc54\u2728 Stylov\u00fd a pohodln\u00fd outfit pro mal\u00e9ho fe\u0161\u00e1ka, ide\u00e1ln\u00ed na oslavy, focen\u00ed, rodinn\u00e9 n\u00e1v\u0161t\u011bvy<\/p>","protected":false},"featured_media":1468,"comment_status":"open","ping_status":"closed","template":"","meta":[],"product_brand":[],"product_cat":[25],"product_tag":[],"class_list":{"0":"post-1461","1":"product","2":"type-product","3":"status-publish","4":"has-post-thumbnail","6":"product_cat-obleceni","7":"pa_barva-bezova","8":"pa_barva-kralovsky-modra","9":"pa_barva-modra","10":"pa_podle-typu-zbozi-detsky-komplet-ve-stylu-gentleman","11":"pa_vek-miminka-6-24-mesicu","12":"pa_velikost-12-mesicu","13":"pa_velikost-18-mesicu","14":"pa_velikost-24-mesicu","15":"pa_velikost-9-mesicu","17":"first","18":"instock","19":"shipping-taxable","20":"purchasable","21":"product-type-variable"},"_links":{"self":[{"href":"https:\/\/velessia-clothes.com\/ru\/wp-json\/wp\/v2\/product\/1461","targetHints":{"allow":["GET"]}}],"collection":[{"href":"https:\/\/velessia-clothes.com\/ru\/wp-json\/wp\/v2\/product"}],"about":[{"href":"https:\/\/velessia-clothes.com\/ru\/wp-json\/wp\/v2\/types\/product"}],"replies":[{"embeddable":true,"href":"https:\/\/velessia-clothes.com\/ru\/wp-json\/wp\/v2\/comments?post=1461"}],"version-history":[{"count":1,"href":"https:\/\/velessia-clothes.com\/ru\/wp-json\/wp\/v2\/product\/1461\/revisions"}],"predecessor-version":[{"id":1493,"href":"https:\/\/velessia-clothes.com\/ru\/wp-json\/wp\/v2\/product\/1461\/revisions\/1493"}],"wp:featuredmedia":[{"embeddable":true,"href":"https:\/\/velessia-clothes.com\/ru\/wp-json\/wp\/v2\/media\/1468"}],"wp:attachment":[{"href":"https:\/\/velessia-clothes.com\/ru\/wp-json\/wp\/v2\/media?parent=1461"}],"wp:term":[{"taxonomy":"product_brand","embeddable":true,"href":"https:\/\/velessia-clothes.com\/ru\/wp-json\/wp\/v2\/product_brand?post=1461"},{"taxonomy":"product_cat","embeddable":true,"href":"https:\/\/velessia-clothes.com\/ru\/wp-json\/wp\/v2\/product_cat?post=1461"},{"taxonomy":"product_tag","embeddable":true,"href":"https:\/\/velessia-clothes.com\/ru\/wp-json\/wp\/v2\/product_tag?post=1461"}],"curies":[{"name":"wp","href":"https:\/\/api.w.org\/{rel}","templated":true}]}}