{"id":1501,"date":"2026-05-03T20:16:36","date_gmt":"2026-05-03T18:16:36","guid":{"rendered":"https:\/\/velessia-clothes.com\/?post_type=product&#038;p=1501"},"modified":"2026-05-03T22:25:49","modified_gmt":"2026-05-03T20:25:49","slug":"stylovy-detsky-set-mini-gentleman-sako-kalhoty-tricko","status":"publish","type":"product","link":"https:\/\/velessia-clothes.com\/ru\/product\/stylovy-detsky-set-mini-gentleman-sako-kalhoty-tricko\/","title":{"rendered":"Stylov\u00fd d\u011btsk\u00fd set \u201eMini Gentleman\u201c (sako + kalhoty + tri\u010dko)"},"content":{"rendered":"<p data-start=\"225\" data-end=\"339\">Stylov\u00fd a pohodln\u00fd outfit pro mal\u00e9 eleg\u00e1ny \ud83d\udc76\u2728<br data-start=\"271\" data-end=\"274\" \/>Ide\u00e1ln\u00ed jak na ka\u017edodenn\u00ed no\u0161en\u00ed, tak na slavnostn\u00ed p\u0159\u00edle\u017eitosti.<\/p>\n<p data-start=\"341\" data-end=\"354\">Set obsahuje:<\/p>\n<ul data-start=\"355\" data-end=\"461\">\n<li data-section-id=\"1e9y0dv\" data-start=\"355\" data-end=\"392\">pohodln\u00e9 tri\u010dko s dlouh\u00fdm ruk\u00e1vem<\/li>\n<li data-section-id=\"uny8vw\" data-start=\"393\" data-end=\"421\">modern\u00ed sako na knofl\u00edky<\/li>\n<li data-section-id=\"rvztkk\" data-start=\"422\" data-end=\"461\">pohodln\u00e9 kalhoty s elastick\u00fdm pasem<\/li>\n<\/ul>\n<p data-start=\"463\" data-end=\"640\">\ud83d\udd39 P\u0159\u00edjemn\u00fd materi\u00e1l \u0161etrn\u00fd k d\u011btsk\u00e9 poko\u017ece<br data-start=\"507\" data-end=\"510\" \/>\ud83d\udd39 Voln\u00fd st\u0159ih neomezuje pohyb<br data-start=\"540\" data-end=\"543\" \/>\ud83d\udd39 Snadno kombinovateln\u00fd s dal\u0161\u00edmi kousky oble\u010den\u00ed<br data-start=\"593\" data-end=\"596\" \/>\ud83d\udd39 Perfektn\u00ed na focen\u00ed, proch\u00e1zky i oslavy<\/p>\n<p data-start=\"642\" data-end=\"677\">Dostupn\u00e9 ve dvou stylov\u00fdch barv\u00e1ch:<\/p>\n<ul data-start=\"678\" data-end=\"724\">\n<li data-section-id=\"df9h\" data-start=\"678\" data-end=\"714\">olivov\u00e1 (s br\u00fdlemi v balen\u00ed \ud83d\udd76\ufe0f)<\/li>\n<li data-section-id=\"bpbf5p\" data-start=\"715\" data-end=\"724\">modr\u00e1<\/li>\n<\/ul>\n<p data-start=\"726\" data-end=\"776\">\ud83d\udca1 V\u00e1\u0161 mal\u00fd bude vypadat jako opravdov\u00fd gentleman!<\/p>\n<h3 data-section-id=\"1jtvcsc\" data-start=\"71\" data-end=\"113\">\ud83d\udccf Tabulka velikost\u00ed (d\u011btsk\u00e9 oble\u010den\u00ed)<\/h3>\n<div class=\"TyagGW_tableContainer\">\n<div class=\"group TyagGW_tableWrapper flex flex-col-reverse w-fit\" tabindex=\"-1\">\n<table class=\"w-fit min-w-(--thread-content-width)\" data-start=\"115\" data-end=\"475\">\n<thead data-start=\"115\" data-end=\"155\">\n<tr data-start=\"115\" data-end=\"155\">\n<th class=\"\" data-start=\"115\" data-end=\"126\" data-col-size=\"sm\">\u0420\u0430\u0437\u043c\u0435\u0440<\/th>\n<th class=\"\" data-start=\"126\" data-end=\"139\" data-col-size=\"sm\">V\u011bk d\u00edt\u011bte<\/th>\n<th class=\"\" data-start=\"139\" data-end=\"155\" data-col-size=\"sm\">V\u00fd\u0161ka d\u00edt\u011bte<\/th>\n<\/tr>\n<\/thead>\n<tbody data-start=\"196\" data-end=\"475\">\n<tr data-start=\"196\" data-end=\"235\">\n<td data-start=\"196\" data-end=\"207\" data-col-size=\"sm\">56<\/td>\n<td data-col-size=\"sm\" data-start=\"207\" data-end=\"219\">0\u20131 m\u011bs\u00edc<\/td>\n<td data-col-size=\"sm\" data-start=\"219\" data-end=\"235\">50\u201356 cm<\/td>\n<\/tr>\n<tr data-start=\"236\" data-end=\"275\">\n<td data-start=\"236\" data-end=\"247\" data-col-size=\"sm\">62<\/td>\n<td data-col-size=\"sm\" data-start=\"247\" data-end=\"259\">1\u20133 m\u011bs\u00edce<\/td>\n<td data-col-size=\"sm\" data-start=\"259\" data-end=\"275\">56\u201362 cm<\/td>\n<\/tr>\n<tr data-start=\"276\" data-end=\"315\">\n<td data-start=\"276\" data-end=\"287\" data-col-size=\"sm\">68<\/td>\n<td data-col-size=\"sm\" data-start=\"287\" data-end=\"299\">3\u20136 m\u011bs\u00edc\u016f<\/td>\n<td data-col-size=\"sm\" data-start=\"299\" data-end=\"315\">62\u201368 cm<\/td>\n<\/tr>\n<tr data-start=\"316\" data-end=\"355\">\n<td data-start=\"316\" data-end=\"327\" data-col-size=\"sm\">74<\/td>\n<td data-col-size=\"sm\" data-start=\"327\" data-end=\"339\">6\u20139 m\u011bs\u00edc\u016f<\/td>\n<td data-col-size=\"sm\" data-start=\"339\" data-end=\"355\">68\u201374 cm<\/td>\n<\/tr>\n<tr data-start=\"356\" data-end=\"395\">\n<td data-start=\"356\" data-end=\"367\" data-col-size=\"sm\">80<\/td>\n<td data-col-size=\"sm\" data-start=\"367\" data-end=\"381\">9\u201312 m\u011bs\u00edc\u016f<\/td>\n<td data-col-size=\"sm\" data-start=\"381\" data-end=\"395\">74\u201380 cm<\/td>\n<\/tr>\n<tr data-start=\"396\" data-end=\"435\">\n<td data-start=\"396\" data-end=\"407\" data-col-size=\"sm\">86<\/td>\n<td data-col-size=\"sm\" data-start=\"407\" data-end=\"422\">12\u201318 m\u011bs\u00edc\u016f<\/td>\n<td data-col-size=\"sm\" data-start=\"422\" data-end=\"435\">80\u201386 cm<\/td>\n<\/tr>\n<tr data-start=\"436\" data-end=\"475\">\n<td data-start=\"436\" data-end=\"447\" data-col-size=\"sm\">92<\/td>\n<td data-col-size=\"sm\" data-start=\"447\" data-end=\"462\">18\u201324 m\u011bs\u00edc\u016f<\/td>\n<td data-col-size=\"sm\" data-start=\"462\" data-end=\"475\">86\u201392 cm<\/td>\n<\/tr>\n<\/tbody>\n<\/table>\n<\/div>\n<\/div>\n<h3 data-section-id=\"1ry5mf7\" data-start=\"482\" data-end=\"538\">\ud83d\udcdd Pozn\u00e1mka pod tabulku :<\/h3>\n<p data-start=\"540\" data-end=\"670\"><strong data-start=\"540\" data-end=\"670\">Velikosti jsou orienta\u010dn\u00ed. Doporu\u010dujeme vyb\u00edrat podle v\u00fd\u0161ky d\u00edt\u011bte.<br data-start=\"609\" data-end=\"612\" \/>Pokud v\u00e1h\u00e1te mezi dv\u011bma velikostmi, zvolte rad\u011bji v\u011bt\u0161\u00ed.<\/strong><\/p>","protected":false},"excerpt":{"rendered":"<p>Stylov\u00fd a pohodln\u00fd outfit pro mal\u00e9 eleg\u00e1ny \ud83d\udc76\u2728Ide\u00e1ln\u00ed jak na ka\u017edodenn\u00ed no\u0161en\u00ed, tak na slavnostn\u00ed p\u0159\u00edle\u017eitosti. Set obsahuje: pohodln\u00e9 tri\u010dko<\/p>","protected":false},"featured_media":1502,"comment_status":"open","ping_status":"closed","template":"","meta":[],"product_brand":[],"product_cat":[25],"product_tag":[],"class_list":{"0":"post-1501","1":"product","2":"type-product","3":"status-publish","4":"has-post-thumbnail","6":"product_cat-obleceni","7":"pa_barva-modra","8":"pa_barva-zelena","9":"pa_vek-miminka-6-24-mesicu","10":"pa_velikost-12-18-mesicu","11":"pa_velikost-18-24-mesicu","12":"pa_velikost-6-9-mesicu","13":"pa_velikost-9-12-mesicu","15":"first","16":"instock","17":"shipping-taxable","18":"purchasable","19":"product-type-variable"},"_links":{"self":[{"href":"https:\/\/velessia-clothes.com\/ru\/wp-json\/wp\/v2\/product\/1501","targetHints":{"allow":["GET"]}}],"collection":[{"href":"https:\/\/velessia-clothes.com\/ru\/wp-json\/wp\/v2\/product"}],"about":[{"href":"https:\/\/velessia-clothes.com\/ru\/wp-json\/wp\/v2\/types\/product"}],"replies":[{"embeddable":true,"href":"https:\/\/velessia-clothes.com\/ru\/wp-json\/wp\/v2\/comments?post=1501"}],"version-history":[{"count":3,"href":"https:\/\/velessia-clothes.com\/ru\/wp-json\/wp\/v2\/product\/1501\/revisions"}],"predecessor-version":[{"id":1567,"href":"https:\/\/velessia-clothes.com\/ru\/wp-json\/wp\/v2\/product\/1501\/revisions\/1567"}],"wp:featuredmedia":[{"embeddable":true,"href":"https:\/\/velessia-clothes.com\/ru\/wp-json\/wp\/v2\/media\/1502"}],"wp:attachment":[{"href":"https:\/\/velessia-clothes.com\/ru\/wp-json\/wp\/v2\/media?parent=1501"}],"wp:term":[{"taxonomy":"product_brand","embeddable":true,"href":"https:\/\/velessia-clothes.com\/ru\/wp-json\/wp\/v2\/product_brand?post=1501"},{"taxonomy":"product_cat","embeddable":true,"href":"https:\/\/velessia-clothes.com\/ru\/wp-json\/wp\/v2\/product_cat?post=1501"},{"taxonomy":"product_tag","embeddable":true,"href":"https:\/\/velessia-clothes.com\/ru\/wp-json\/wp\/v2\/product_tag?post=1501"}],"curies":[{"name":"wp","href":"https:\/\/api.w.org\/{rel}","templated":true}]}}