{"id":1543,"date":"2026-05-03T22:21:56","date_gmt":"2026-05-03T20:21:56","guid":{"rendered":"https:\/\/velessia-clothes.com\/?post_type=product&#038;p=1543"},"modified":"2026-05-03T22:22:59","modified_gmt":"2026-05-03T20:22:59","slug":"roztomily-detsky-komplet-little-happy-bear","status":"publish","type":"product","link":"https:\/\/velessia-clothes.com\/ru\/product\/roztomily-detsky-komplet-little-happy-bear\/","title":{"rendered":"Roztomil\u00fd d\u011btsk\u00fd komplet Little Happy Bear"},"content":{"rendered":"<p data-start=\"212\" data-end=\"306\">Roztomil\u00fd a pohodln\u00fd set pro mal\u00e9 princezny \ud83d\udc76\ud83d\udc96<br data-start=\"260\" data-end=\"263\" \/>Perfektn\u00ed na ka\u017edodenn\u00ed no\u0161en\u00ed i voln\u00fd \u010das.<\/p>\n<p data-start=\"308\" data-end=\"321\">Set obsahuje:<\/p>\n<ul data-start=\"322\" data-end=\"402\">\n<li data-section-id=\"qkz23t\" data-start=\"322\" data-end=\"362\">m\u011bkkou mikinu s potiskem medv\u00eddk\u016f \ud83e\uddf8<\/li>\n<li data-section-id=\"rvztkk\" data-start=\"363\" data-end=\"402\">pohodln\u00e9 kalhoty s elastick\u00fdm pasem<\/li>\n<\/ul>\n<p data-start=\"404\" data-end=\"568\">\ud83d\udd39 P\u0159\u00edjemn\u00fd materi\u00e1l \u0161etrn\u00fd k d\u011btsk\u00e9 poko\u017ece<br data-start=\"448\" data-end=\"451\" \/>\ud83d\udd39 Elastick\u00e9 man\u017eety pro lep\u0161\u00ed pohodl\u00ed<br data-start=\"489\" data-end=\"492\" \/>\ud83d\udd39 Voln\u00fd st\u0159ih neomezuje pohyb<br data-start=\"522\" data-end=\"525\" \/>\ud83d\udd39 Ide\u00e1ln\u00ed na doma, proch\u00e1zky i do \u0161kolky<\/p>\n<p data-start=\"570\" data-end=\"577\">Design:<\/p>\n<ul data-start=\"578\" data-end=\"676\">\n<li data-section-id=\"z8gbq6\" data-start=\"578\" data-end=\"597\">stylov\u00e9 prou\u017eky<\/li>\n<li data-section-id=\"7o5mj5\" data-start=\"598\" data-end=\"638\">roztomil\u00fd potisk \u201eLittle Happy Bear\u201c<\/li>\n<li data-section-id=\"1lyzmpb\" data-start=\"639\" data-end=\"676\">dostupn\u00e9 ve dvou odst\u00ednech r\u016f\u017eov\u00e9<\/li>\n<\/ul>\n<h3 data-section-id=\"1jtvcsc\" data-start=\"71\" data-end=\"113\">\ud83d\udccf Tabulka velikost\u00ed (d\u011btsk\u00e9 oble\u010den\u00ed)<\/h3>\n<div class=\"TyagGW_tableContainer\">\n<div class=\"group TyagGW_tableWrapper flex flex-col-reverse w-fit\" tabindex=\"-1\">\n<table class=\"w-fit min-w-(--thread-content-width)\" data-start=\"115\" data-end=\"475\">\n<thead data-start=\"115\" data-end=\"155\">\n<tr data-start=\"115\" data-end=\"155\">\n<th class=\"\" data-start=\"115\" data-end=\"126\" data-col-size=\"sm\">\u0420\u0430\u0437\u043c\u0435\u0440<\/th>\n<th class=\"\" data-start=\"126\" data-end=\"139\" data-col-size=\"sm\">V\u011bk d\u00edt\u011bte<\/th>\n<th class=\"\" data-start=\"139\" data-end=\"155\" data-col-size=\"sm\">V\u00fd\u0161ka d\u00edt\u011bte<\/th>\n<\/tr>\n<\/thead>\n<tbody data-start=\"196\" data-end=\"475\">\n<tr data-start=\"196\" data-end=\"235\">\n<td data-start=\"196\" data-end=\"207\" data-col-size=\"sm\">56<\/td>\n<td data-col-size=\"sm\" data-start=\"207\" data-end=\"219\">0\u20131 m\u011bs\u00edc<\/td>\n<td data-col-size=\"sm\" data-start=\"219\" data-end=\"235\">50\u201356 cm<\/td>\n<\/tr>\n<tr data-start=\"236\" data-end=\"275\">\n<td data-start=\"236\" data-end=\"247\" data-col-size=\"sm\">62<\/td>\n<td data-col-size=\"sm\" data-start=\"247\" data-end=\"259\">1\u20133 m\u011bs\u00edce<\/td>\n<td data-col-size=\"sm\" data-start=\"259\" data-end=\"275\">56\u201362 cm<\/td>\n<\/tr>\n<tr data-start=\"276\" data-end=\"315\">\n<td data-start=\"276\" data-end=\"287\" data-col-size=\"sm\">68<\/td>\n<td data-col-size=\"sm\" data-start=\"287\" data-end=\"299\">3\u20136 m\u011bs\u00edc\u016f<\/td>\n<td data-col-size=\"sm\" data-start=\"299\" data-end=\"315\">62\u201368 cm<\/td>\n<\/tr>\n<tr data-start=\"316\" data-end=\"355\">\n<td data-start=\"316\" data-end=\"327\" data-col-size=\"sm\">74<\/td>\n<td data-col-size=\"sm\" data-start=\"327\" data-end=\"339\">6\u20139 m\u011bs\u00edc\u016f<\/td>\n<td data-col-size=\"sm\" data-start=\"339\" data-end=\"355\">68\u201374 cm<\/td>\n<\/tr>\n<tr data-start=\"356\" data-end=\"395\">\n<td data-start=\"356\" data-end=\"367\" data-col-size=\"sm\">80<\/td>\n<td data-col-size=\"sm\" data-start=\"367\" data-end=\"381\">9\u201312 m\u011bs\u00edc\u016f<\/td>\n<td data-col-size=\"sm\" data-start=\"381\" data-end=\"395\">74\u201380 cm<\/td>\n<\/tr>\n<tr data-start=\"396\" data-end=\"435\">\n<td data-start=\"396\" data-end=\"407\" data-col-size=\"sm\">86<\/td>\n<td data-col-size=\"sm\" data-start=\"407\" data-end=\"422\">12\u201318 m\u011bs\u00edc\u016f<\/td>\n<td data-col-size=\"sm\" data-start=\"422\" data-end=\"435\">80\u201386 cm<\/td>\n<\/tr>\n<tr data-start=\"436\" data-end=\"475\">\n<td data-start=\"436\" data-end=\"447\" data-col-size=\"sm\">92<\/td>\n<td data-col-size=\"sm\" data-start=\"447\" data-end=\"462\">18\u201324 m\u011bs\u00edc\u016f<\/td>\n<td data-col-size=\"sm\" data-start=\"462\" data-end=\"475\">86\u201392 cm<\/td>\n<\/tr>\n<\/tbody>\n<\/table>\n<\/div>\n<\/div>\n<h3 data-section-id=\"1ry5mf7\" data-start=\"482\" data-end=\"538\">\ud83d\udcdd Pozn\u00e1mka pod tabulku:<\/h3>\n<p data-start=\"540\" data-end=\"670\"><strong data-start=\"540\" data-end=\"670\">Velikosti jsou orienta\u010dn\u00ed. Doporu\u010dujeme vyb\u00edrat podle v\u00fd\u0161ky d\u00edt\u011bte.<br data-start=\"609\" data-end=\"612\" \/>Pokud v\u00e1h\u00e1te mezi dv\u011bma velikostmi, zvolte rad\u011bji v\u011bt\u0161\u00ed.<\/strong><\/p>","protected":false},"excerpt":{"rendered":"<p>Roztomil\u00fd a pohodln\u00fd set pro mal\u00e9 princezny \ud83d\udc76\ud83d\udc96Perfektn\u00ed na ka\u017edodenn\u00ed no\u0161en\u00ed i voln\u00fd \u010das. Set obsahuje: m\u011bkkou mikinu s potiskem<\/p>","protected":false},"featured_media":1548,"comment_status":"open","ping_status":"closed","template":"","meta":[],"product_brand":[],"product_cat":[25],"product_tag":[],"class_list":{"0":"post-1543","1":"product","2":"type-product","3":"status-publish","4":"has-post-thumbnail","6":"product_cat-obleceni","7":"pa_barva-ruzova","8":"pa_barva-svetle-ruzova","9":"pa_barva-tmave-ruzova","10":"pa_podle-cilove-skupiny-damske-obleceni","11":"pa_vek-miminka-6-24-mesicu","12":"pa_velikost-12-mesicu","13":"pa_velikost-18-mesicu","14":"pa_velikost-6-mesicu","15":"pa_velikost-9-mesicu","17":"first","18":"instock","19":"shipping-taxable","20":"purchasable","21":"product-type-variable"},"_links":{"self":[{"href":"https:\/\/velessia-clothes.com\/ru\/wp-json\/wp\/v2\/product\/1543","targetHints":{"allow":["GET"]}}],"collection":[{"href":"https:\/\/velessia-clothes.com\/ru\/wp-json\/wp\/v2\/product"}],"about":[{"href":"https:\/\/velessia-clothes.com\/ru\/wp-json\/wp\/v2\/types\/product"}],"replies":[{"embeddable":true,"href":"https:\/\/velessia-clothes.com\/ru\/wp-json\/wp\/v2\/comments?post=1543"}],"version-history":[{"count":1,"href":"https:\/\/velessia-clothes.com\/ru\/wp-json\/wp\/v2\/product\/1543\/revisions"}],"predecessor-version":[{"id":1553,"href":"https:\/\/velessia-clothes.com\/ru\/wp-json\/wp\/v2\/product\/1543\/revisions\/1553"}],"wp:featuredmedia":[{"embeddable":true,"href":"https:\/\/velessia-clothes.com\/ru\/wp-json\/wp\/v2\/media\/1548"}],"wp:attachment":[{"href":"https:\/\/velessia-clothes.com\/ru\/wp-json\/wp\/v2\/media?parent=1543"}],"wp:term":[{"taxonomy":"product_brand","embeddable":true,"href":"https:\/\/velessia-clothes.com\/ru\/wp-json\/wp\/v2\/product_brand?post=1543"},{"taxonomy":"product_cat","embeddable":true,"href":"https:\/\/velessia-clothes.com\/ru\/wp-json\/wp\/v2\/product_cat?post=1543"},{"taxonomy":"product_tag","embeddable":true,"href":"https:\/\/velessia-clothes.com\/ru\/wp-json\/wp\/v2\/product_tag?post=1543"}],"curies":[{"name":"wp","href":"https:\/\/api.w.org\/{rel}","templated":true}]}}