{"id":405,"date":"2023-06-15T12:33:10","date_gmt":"2023-06-15T12:33:10","guid":{"rendered":"https:\/\/dummy.xtemos.com\/woodmart2\/kids-elementor\/?page_id=14"},"modified":"2025-12-31T14:25:28","modified_gmt":"2025-12-31T13:25:28","slug":"o-nas","status":"publish","type":"page","link":"https:\/\/velessia-clothes.com\/ua\/o-nas\/","title":{"rendered":"\u041f\u0440\u043e \u043d\u0430\u0441"},"content":{"rendered":"<div data-elementor-type=\"wp-page\" data-elementor-id=\"405\" class=\"elementor elementor-405\" data-elementor-post-type=\"page\">\n\t\t\t\t<div class=\"wd-negative-gap elementor-element elementor-element-38d1e6f e-flex e-con-boxed e-con e-parent\" data-id=\"38d1e6f\" data-element_type=\"container\">\n\t\t\t\t\t<div class=\"e-con-inner\">\n\t\t<div class=\"elementor-element elementor-element-c9ddb24 e-con-full e-flex e-con e-child\" data-id=\"c9ddb24\" data-element_type=\"container\">\n\t\t\t\t<div class=\"elementor-element elementor-element-6030832 elementor-widget elementor-widget-wd_image_or_svg\" data-id=\"6030832\" data-element_type=\"widget\" data-widget_type=\"wd_image_or_svg.default\">\n\t\t\t\t<div class=\"elementor-widget-container\">\n\t\t\t\t\t\n\t\t<div class=\"wd-image text-left\">\n\t\t\t\t\t\t\t\t<img loading=\"lazy\" decoding=\"async\" width=\"1280\" height=\"852\" src=\"https:\/\/velessia-clothes.com\/wp-content\/uploads\/2025\/12\/o-nas-2.jpg\" class=\"attachment-full size-full\" alt=\"\" srcset=\"https:\/\/velessia-clothes.com\/wp-content\/uploads\/2025\/12\/o-nas-2.jpg 1280w, https:\/\/velessia-clothes.com\/wp-content\/uploads\/2025\/12\/o-nas-2-300x200.jpg 300w, https:\/\/velessia-clothes.com\/wp-content\/uploads\/2025\/12\/o-nas-2-1024x682.jpg 1024w, https:\/\/velessia-clothes.com\/wp-content\/uploads\/2025\/12\/o-nas-2-768x511.jpg 768w, https:\/\/velessia-clothes.com\/wp-content\/uploads\/2025\/12\/o-nas-2-1200x799.jpg 1200w, https:\/\/velessia-clothes.com\/wp-content\/uploads\/2025\/12\/o-nas-2-150x100.jpg 150w\" sizes=\"auto, (max-width: 1280px) 100vw, 1280px\" \/>\t\t\t\t\t<\/div>\n\n\t\t\t\t\t\t<\/div>\n\t\t\t\t<\/div>\n\t\t\t\t<\/div>\n\t\t<div class=\"elementor-element elementor-element-a392c61 e-con-full e-flex e-con e-child\" data-id=\"a392c61\" data-element_type=\"container\">\n\t\t\t\t<div class=\"elementor-element elementor-element-7087836 wd-width-100 elementor-widget elementor-widget-wd_title\" data-id=\"7087836\" data-element_type=\"widget\" data-widget_type=\"wd_title.default\">\n\t\t\t\t<div class=\"elementor-widget-container\">\n\t\t\t\t\t\t\t<div class=\"title-wrapper wd-set-mb reset-last-child wd-title-color-primary wd-title-style-default wd-title-size-extra-large text-left\">\n\n\t\t\t\t\t\t\t\t\t\t\t<div class=\"title-subtitle subtitle-color-primary subtitle-style-default wd-fontsize-m\">\n\t\t\t\t\t\u041f\u0440\u043e \u043d\u0430\u0441\t\t\t\t<\/div>\n\t\t\t\n\t\t\t<div class=\"liner-continer\">\n\t\t\t\t<h4 class=\"woodmart-title-container title wd-fontsize-xxxl\">\u0412\u0435\u043b\u0435\u0441\u0441\u0456\u044f \u043e\u0434\u044f\u0433 \u0441.\u0440.\u043e.<\/h4> \n\t\t\t\t\t\t\t<\/div>\n\n\t\t\t\t\t<\/div>\n\t\t\t\t\t\t<\/div>\n\t\t\t\t<\/div>\n\t\t\t\t<div class=\"elementor-element elementor-element-0b93a1b elementor-widget elementor-widget-wd_text_block\" data-id=\"0b93a1b\" data-element_type=\"widget\" data-widget_type=\"wd_text_block.default\">\n\t\t\t\t<div class=\"elementor-widget-container\">\n\t\t\t\t\t\t\t<div class=\"wd-text-block reset-last-child text-left\">\n\t\t\t\n\t\t\t<p data-start=\"1342\" data-end=\"1571\">Velessia clothes sro \u2013 \u0446\u0435 \u0431\u0440\u0435\u043d\u0434 \u0434\u0438\u0442\u044f\u0447\u043e\u0433\u043e \u043e\u0434\u044f\u0433\u0443, \u0441\u0442\u0432\u043e\u0440\u0435\u043d\u0438\u0439 \u0437 \u043b\u044e\u0431\u043e\u0432&#039;\u044e \u0434\u043e \u0434\u0456\u0442\u0435\u0439, \u0442\u0443\u0440\u0431\u043e\u0442\u043e\u044e \u043f\u0440\u043e \u0457\u0445\u043d\u0456\u0439 \u043a\u043e\u043c\u0444\u043e\u0440\u0442 \u0442\u0430 \u0449\u0438\u0440\u0438\u043c \u043f\u0440\u0430\u0433\u043d\u0435\u043d\u043d\u044f\u043c \u0437\u0440\u043e\u0431\u0438\u0442\u0438 \u0441\u0432\u0456\u0442 \u043a\u0440\u0430\u0449\u0438\u043c. \u0414\u043b\u044f \u043d\u0430\u0441 \u043e\u0434\u044f\u0433 \u043e\u0437\u043d\u0430\u0447\u0430\u0454 \u043d\u0435 \u043b\u0438\u0448\u0435 \u0441\u0442\u0438\u043b\u044c \u0442\u0430 \u044f\u043a\u0456\u0441\u0442\u044c, \u0430 \u0439 \u0432\u0456\u0434\u043f\u043e\u0432\u0456\u0434\u0430\u043b\u044c\u043d\u0456\u0441\u0442\u044c \u043f\u0435\u0440\u0435\u0434 \u043c\u0430\u0439\u0431\u0443\u0442\u043d\u0456\u043c \u043f\u043e\u043a\u043e\u043b\u0456\u043d\u043d\u044f\u043c.<\/p><p data-start=\"1573\" data-end=\"1788\">\u041c\u0438 \u0441\u0442\u0432\u043e\u0440\u044e\u0454\u043c\u043e \u0437\u0440\u0443\u0447\u043d\u0438\u0439, \u0431\u0435\u0437\u043f\u0435\u0447\u043d\u0438\u0439 \u0442\u0430 \u0441\u0443\u0447\u0430\u0441\u043d\u0438\u0439 \u043e\u0434\u044f\u0433 \u0434\u043b\u044f \u0434\u0456\u0442\u0435\u0439, \u0443 \u044f\u043a\u043e\u043c\u0443 \u0432\u043e\u043d\u0438 \u043c\u043e\u0436\u0443\u0442\u044c \u043b\u0435\u0433\u043a\u043e \u0440\u0443\u0445\u0430\u0442\u0438\u0441\u044f, \u0433\u0440\u0430\u0442\u0438\u0441\u044f \u0442\u0430 \u043f\u0456\u0437\u043d\u0430\u0432\u0430\u0442\u0438 \u0441\u0432\u0456\u0442. \u041a\u043e\u0436\u0435\u043d \u0432\u0438\u0440\u0456\u0431 \u043f\u0440\u043e\u0434\u0443\u043c\u0430\u043d\u0438\u0439 \u0434\u043e \u043d\u0430\u0439\u0434\u0440\u0456\u0431\u043d\u0456\u0448\u0438\u0445 \u0434\u0435\u0442\u0430\u043b\u0435\u0439 \u2014 \u0432\u0456\u0434 \u043c\u2019\u044f\u043a\u0438\u0445 \u043c\u0430\u0442\u0435\u0440\u0456\u0430\u043b\u0456\u0432 \u0434\u043e \u043f\u0440\u0430\u043a\u0442\u0438\u0447\u043d\u0438\u0445 \u043a\u0440\u043e\u0457\u0432.<\/p>\n\t\t\t\t\t<\/div>\n\t\t\t\t\t\t<\/div>\n\t\t\t\t<\/div>\n\t\t\t\t<\/div>\n\t\t\t\t\t<\/div>\n\t\t\t\t<\/div>\n\t\t<div class=\"wd-negative-gap elementor-element elementor-element-446a967 e-flex e-con-boxed e-con e-parent\" data-id=\"446a967\" data-element_type=\"container\">\n\t\t\t\t\t<div class=\"e-con-inner\">\n\t\t<div class=\"elementor-element elementor-element-4f5f4e0 e-con-full e-flex e-con e-child\" data-id=\"4f5f4e0\" data-element_type=\"container\">\n\t\t<div class=\"wd-negative-gap elementor-element elementor-element-9bd5efe e-flex e-con-boxed e-con e-child\" data-id=\"9bd5efe\" data-element_type=\"container\" data-settings=\"{&quot;sticky&quot;:&quot;top&quot;,&quot;sticky_offset&quot;:100,&quot;sticky_parent&quot;:&quot;yes&quot;,&quot;sticky_on&quot;:[&quot;desktop&quot;,&quot;tablet&quot;,&quot;mobile&quot;],&quot;sticky_effects_offset&quot;:0,&quot;sticky_anchor_link_offset&quot;:0}\">\n\t\t\t\t\t<div class=\"e-con-inner\">\n\t\t\t\t<div class=\"elementor-element elementor-element-404a9e9 wd-width-100 elementor-widget elementor-widget-wd_title\" data-id=\"404a9e9\" data-element_type=\"widget\" data-widget_type=\"wd_title.default\">\n\t\t\t\t<div class=\"elementor-widget-container\">\n\t\t\t\t\t\t\t<div class=\"title-wrapper wd-set-mb reset-last-child wd-title-color-default wd-title-style-default wd-title-size-default text-left\">\n\n\t\t\t\n\t\t\t<div class=\"liner-continer\">\n\t\t\t\t<h4 class=\"woodmart-title-container title wd-fontsize-l\">\u041d\u0430\u0448\u0430 \u043c\u0456\u0441\u0456\u044f<\/h4> \n\t\t\t\t\t\t\t<\/div>\n\n\t\t\t\t\t<\/div>\n\t\t\t\t\t\t<\/div>\n\t\t\t\t<\/div>\n\t\t\t\t<div class=\"elementor-element elementor-element-6810dac elementor-widget elementor-widget-wd_text_block\" data-id=\"6810dac\" data-element_type=\"widget\" data-widget_type=\"wd_text_block.default\">\n\t\t\t\t<div class=\"elementor-widget-container\">\n\t\t\t\t\t\t\t<div class=\"wd-text-block reset-last-child text-left\">\n\t\t\t\n\t\t\t<p>\u041d\u0430\u0448\u0430 \u043c\u0435\u0442\u0430 \u2014 \u043d\u0435 \u043b\u0438\u0448\u0435 \u043e\u0434\u044f\u0433\u0430\u0442\u0438 \u0434\u0456\u0442\u0435\u0439, \u0430 \u0439 \u0434\u043e\u043f\u043e\u043c\u0430\u0433\u0430\u0442\u0438 \u043d\u0443\u0436\u0434\u0435\u043d\u043d\u0438\u043c. \u0427\u0430\u0441\u0442\u0438\u043d\u0430 \u043d\u0430\u0448\u043e\u0457 \u0434\u0456\u044f\u043b\u044c\u043d\u043e\u0441\u0442\u0456 \u0441\u043f\u0440\u044f\u043c\u043e\u0432\u0430\u043d\u0430 \u043d\u0430 \u043f\u0456\u0434\u0442\u0440\u0438\u043c\u043a\u0443 \u0434\u0456\u0442\u0435\u0439, \u044f\u043a\u0456 \u043e\u043f\u0438\u043d\u0438\u043b\u0438\u0441\u044f \u0443 \u0441\u043a\u043b\u0430\u0434\u043d\u0438\u0445 \u0436\u0438\u0442\u0442\u0454\u0432\u0438\u0445 \u0441\u0438\u0442\u0443\u0430\u0446\u0456\u044f\u0445. \u041a\u0443\u043f\u0443\u044e\u0447\u0438 \u043e\u0434\u044f\u0433 Velessia, \u0432\u0438 \u0441\u0442\u0430\u0454\u0442\u0435 \u0447\u0430\u0441\u0442\u0438\u043d\u043e\u044e \u0434\u043e\u0431\u0440\u043e\u0457 \u0441\u043f\u0440\u0430\u0432\u0438.<\/p>\n\t\t\t\t\t<\/div>\n\t\t\t\t\t\t<\/div>\n\t\t\t\t<\/div>\n\t\t\t\t<div class=\"elementor-element elementor-element-5f9288d elementor-widget elementor-widget-wd_text_block\" data-id=\"5f9288d\" data-element_type=\"widget\" data-widget_type=\"wd_text_block.default\">\n\t\t\t\t<div class=\"elementor-widget-container\">\n\t\t\t\t\t\t\t<div class=\"wd-text-block reset-last-child text-left\">\n\t\t\t\n\t\t\t<h3 data-start=\"2047\" data-end=\"2065\"><strong data-start=\"2051\" data-end=\"2065\">\u041c\u0438 \u043f\u0456\u0434\u043a\u043b\u044e\u0447\u0430\u0454\u043c\u043e:<\/strong><\/h3><ul data-start=\"2066\" data-end=\"2202\"><li data-start=\"2066\" data-end=\"2103\"><p data-start=\"2068\" data-end=\"2103\">\u041a\u043e\u043c\u0444\u043e\u0440\u0442 \u0456 \u0441\u0432\u043e\u0431\u043e\u0434\u0430 \u0440\u0443\u0445\u0456\u0432 \u0434\u043b\u044f \u0434\u0456\u0442\u0435\u0439<\/p><\/li><li data-start=\"2104\" data-end=\"2137\"><p data-start=\"2106\" data-end=\"2137\">\u0412\u0438\u0441\u043e\u043a\u043e\u044f\u043a\u0456\u0441\u043d\u0456 \u0442\u0430 \u0431\u0435\u0437\u043f\u0435\u0447\u043d\u0456 \u043c\u0430\u0442\u0435\u0440\u0456\u0430\u043b\u0438<\/p><\/li><li data-start=\"2138\" data-end=\"2166\"><p data-start=\"2140\" data-end=\"2166\">\u0421\u0443\u0447\u0430\u0441\u043d\u0438\u0439, \u0441\u0442\u0440\u0438\u043c\u0430\u043d\u0438\u0439 \u0434\u0438\u0437\u0430\u0439\u043d<\/p><\/li><li data-start=\"2167\" data-end=\"2202\"><p data-start=\"2169\" data-end=\"2202\">\u0422\u0443\u0440\u0431\u043e\u0442\u0430 \u0442\u0430 \u0441\u043e\u0446\u0456\u0430\u043b\u044c\u043d\u0430 \u0432\u0456\u0434\u043f\u043e\u0432\u0456\u0434\u0430\u043b\u044c\u043d\u0456\u0441\u0442\u044c<\/p><\/li><\/ul><p data-start=\"2204\" data-end=\"2341\">\u041c\u0438 \u0432\u0456\u0440\u0438\u043c\u043e, \u0449\u043e \u0431\u0456\u0437\u043d\u0435\u0441 \u043c\u043e\u0436\u0435 \u0431\u0443\u0442\u0438 \u043b\u044e\u0434\u0441\u044c\u043a\u0438\u043c. \u0421\u0430\u043c\u0435 \u0442\u043e\u043c\u0443 Velessia \u2014 \u0446\u0435 \u0431\u0440\u0435\u043d\u0434, \u044f\u043a\u0438\u0439 \u0434\u0443\u043c\u0430\u0454 \u043d\u0435 \u043b\u0438\u0448\u0435 \u043f\u0440\u043e \u043c\u043e\u0434\u0443, \u0430 \u0439 \u043f\u0440\u043e \u0434\u0456\u0442\u0435\u0439, \u0457\u0445\u043d\u0454 \u043c\u0430\u0439\u0431\u0443\u0442\u043d\u0454 \u0442\u0430 \u043f\u043e\u0441\u043c\u0456\u0448\u043a\u0438.<\/p><p data-start=\"2343\" data-end=\"2397\"><strong data-start=\"2343\" data-end=\"2397\">\u0412\u0435\u043b\u0435\u0441\u0441\u0456\u044f \u2014 \u043e\u0434\u044f\u0433 \u0437 \u0442\u0443\u0440\u0431\u043e\u0442\u043e\u044e. \u041e\u0434\u044f\u0433 \u0437\u0456 \u0437\u043c\u0456\u0441\u0442\u043e\u043c \ud83e\udd0d<\/strong><\/p><p data-start=\"2399\" data-end=\"2443\">\u0414\u044f\u043a\u0443\u0454\u043c\u043e, \u0449\u043e \u0434\u043e\u043f\u043e\u043c\u0430\u0433\u0430\u0454\u0442\u0435 \u0434\u0456\u0442\u044f\u043c \u0440\u0430\u0437\u043e\u043c \u0437 \u043d\u0430\u043c\u0438.<\/p>\n\t\t\t\t\t<\/div>\n\t\t\t\t\t\t<\/div>\n\t\t\t\t<\/div>\n\t\t\t\t\t<\/div>\n\t\t\t\t<\/div>\n\t\t\t\t<\/div>\n\t\t<div class=\"elementor-element elementor-element-19de9e6 e-con-full e-flex e-con e-child\" data-id=\"19de9e6\" data-element_type=\"container\">\n\t\t\t\t<div class=\"elementor-element elementor-element-df533f5 elementor-widget elementor-widget-wd_image_or_svg\" data-id=\"df533f5\" data-element_type=\"widget\" data-widget_type=\"wd_image_or_svg.default\">\n\t\t\t\t<div class=\"elementor-widget-container\">\n\t\t\t\t\t\n\t\t<div class=\"wd-image text-left\">\n\t\t\t\t\t\t\t\t<img loading=\"lazy\" decoding=\"async\" width=\"853\" height=\"1280\" src=\"https:\/\/velessia-clothes.com\/wp-content\/uploads\/2025\/12\/o-nas.jpg\" class=\"attachment-full size-full\" alt=\"\" srcset=\"https:\/\/velessia-clothes.com\/wp-content\/uploads\/2025\/12\/o-nas.jpg 853w, https:\/\/velessia-clothes.com\/wp-content\/uploads\/2025\/12\/o-nas-200x300.jpg 200w, https:\/\/velessia-clothes.com\/wp-content\/uploads\/2025\/12\/o-nas-682x1024.jpg 682w, https:\/\/velessia-clothes.com\/wp-content\/uploads\/2025\/12\/o-nas-768x1152.jpg 768w, https:\/\/velessia-clothes.com\/wp-content\/uploads\/2025\/12\/o-nas-150x225.jpg 150w\" sizes=\"auto, (max-width: 853px) 100vw, 853px\" \/>\t\t\t\t\t<\/div>\n\n\t\t\t\t\t\t<\/div>\n\t\t\t\t<\/div>\n\t\t\t\t<\/div>\n\t\t\t\t\t<\/div>\n\t\t\t\t<\/div>\n\t\t\t\t<\/div>","protected":false},"excerpt":{"rendered":"<p>O n\u00e1s Velessia clothes s.r.o. Velessia clothes s.r.o. je zna\u010dka d\u011btsk\u00e9ho oble\u010den\u00ed vytvo\u0159en\u00e1 s l\u00e1skou k d\u011btem, p\u00e9\u010d\u00ed o jejich<\/p>","protected":false},"author":1,"featured_media":0,"parent":0,"menu_order":0,"comment_status":"closed","ping_status":"closed","template":"","meta":{"footnotes":""},"class_list":["post-405","page","type-page","status-publish","hentry"],"_links":{"self":[{"href":"https:\/\/velessia-clothes.com\/ua\/wp-json\/wp\/v2\/pages\/405","targetHints":{"allow":["GET"]}}],"collection":[{"href":"https:\/\/velessia-clothes.com\/ua\/wp-json\/wp\/v2\/pages"}],"about":[{"href":"https:\/\/velessia-clothes.com\/ua\/wp-json\/wp\/v2\/types\/page"}],"author":[{"embeddable":true,"href":"https:\/\/velessia-clothes.com\/ua\/wp-json\/wp\/v2\/users\/1"}],"replies":[{"embeddable":true,"href":"https:\/\/velessia-clothes.com\/ua\/wp-json\/wp\/v2\/comments?post=405"}],"version-history":[{"count":0,"href":"https:\/\/velessia-clothes.com\/ua\/wp-json\/wp\/v2\/pages\/405\/revisions"}],"wp:attachment":[{"href":"https:\/\/velessia-clothes.com\/ua\/wp-json\/wp\/v2\/media?parent=405"}],"curies":[{"name":"wp","href":"https:\/\/api.w.org\/{rel}","templated":true}]}}