{"id":1219,"date":"2026-04-21T20:42:04","date_gmt":"2026-04-21T18:42:04","guid":{"rendered":"https:\/\/velessia-clothes.com\/?post_type=product&#038;p=1219"},"modified":"2026-04-21T20:46:27","modified_gmt":"2026-04-21T18:46:27","slug":"detske-laclace-s-medvidkem","status":"publish","type":"product","link":"https:\/\/velessia-clothes.com\/ua\/product\/detske-laclace-s-medvidkem\/","title":{"rendered":"D\u011btsk\u00e9 lacl\u00e1\u010de s medv\u00eddkem"},"content":{"rendered":"<p data-start=\"0\" data-end=\"41\"><strong data-start=\"0\" data-end=\"41\">\u00a0D\u011btsk\u00e9 d\u017e\u00ednov\u00e9 lacl\u00e1\u010de s medv\u00eddkem \ud83e\uddf8<\/strong><\/p>\n<p data-start=\"43\" data-end=\"253\">Roztomil\u00fd d\u011btsk\u00fd komplet vhodn\u00fd pro chlape\u010dka i hol\u010di\u010dku. Sou\u010d\u00e1st\u00ed jsou stylov\u00e9 d\u017e\u00ednov\u00e9 lacl\u00e1\u010de a b\u00edl\u00e9 tri\u010dko s dlouh\u00fdm ruk\u00e1vem. Na p\u0159edn\u00ed kapse je kr\u00e1sn\u00fd ply\u0161ov\u00fd medv\u00eddek, kter\u00fd d\u011bl\u00e1 outfit je\u0161t\u011b roztomilej\u0161\u00ed.<\/p>\n<p data-start=\"255\" data-end=\"395\">\u2714\ufe0f Pohodln\u00fd a p\u0159\u00edjemn\u00fd materi\u00e1l<br data-start=\"286\" data-end=\"289\" \/>\u2714\ufe0f Modern\u00ed stylov\u00fd vzhled<br data-start=\"314\" data-end=\"317\" \/>\u2714\ufe0f Ide\u00e1ln\u00ed na focen\u00ed, proch\u00e1zky i b\u011b\u017en\u00e9 no\u0161en\u00ed<br data-start=\"363\" data-end=\"366\" \/>\u2714\ufe0f Kr\u00e1sn\u00fd d\u00e1rek pro miminko<\/p>","protected":false},"excerpt":{"rendered":"<p>\u00a0D\u011btsk\u00e9 d\u017e\u00ednov\u00e9 lacl\u00e1\u010de s medv\u00eddkem \ud83e\uddf8 Roztomil\u00fd d\u011btsk\u00fd komplet vhodn\u00fd pro chlape\u010dka i hol\u010di\u010dku. Sou\u010d\u00e1st\u00ed jsou stylov\u00e9 d\u017e\u00ednov\u00e9 lacl\u00e1\u010de a<\/p>","protected":false},"featured_media":1220,"comment_status":"open","ping_status":"closed","template":"","meta":[],"product_brand":[],"product_cat":[25],"product_tag":[],"class_list":{"0":"post-1219","1":"product","2":"type-product","3":"status-publish","4":"has-post-thumbnail","6":"product_cat-obleceni","7":"pa_barva-bila","8":"pa_podle-cilove-skupiny-unisex","9":"pa_podle-stylu-detsky","10":"pa_vek-miminka-6-24-mesicu","11":"pa_velikost-12-mesicu","12":"pa_velikost-18-mesicu","13":"pa_velikost-24-mesicu","14":"pa_velikost-6-mesicu","15":"pa_velikost-9-mesicu","17":"first","18":"instock","19":"sale","20":"sold-individually","21":"shipping-taxable","22":"purchasable","23":"product-type-simple"},"_links":{"self":[{"href":"https:\/\/velessia-clothes.com\/ua\/wp-json\/wp\/v2\/product\/1219","targetHints":{"allow":["GET"]}}],"collection":[{"href":"https:\/\/velessia-clothes.com\/ua\/wp-json\/wp\/v2\/product"}],"about":[{"href":"https:\/\/velessia-clothes.com\/ua\/wp-json\/wp\/v2\/types\/product"}],"replies":[{"embeddable":true,"href":"https:\/\/velessia-clothes.com\/ua\/wp-json\/wp\/v2\/comments?post=1219"}],"version-history":[{"count":3,"href":"https:\/\/velessia-clothes.com\/ua\/wp-json\/wp\/v2\/product\/1219\/revisions"}],"predecessor-version":[{"id":1224,"href":"https:\/\/velessia-clothes.com\/ua\/wp-json\/wp\/v2\/product\/1219\/revisions\/1224"}],"wp:featuredmedia":[{"embeddable":true,"href":"https:\/\/velessia-clothes.com\/ua\/wp-json\/wp\/v2\/media\/1220"}],"wp:attachment":[{"href":"https:\/\/velessia-clothes.com\/ua\/wp-json\/wp\/v2\/media?parent=1219"}],"wp:term":[{"taxonomy":"product_brand","embeddable":true,"href":"https:\/\/velessia-clothes.com\/ua\/wp-json\/wp\/v2\/product_brand?post=1219"},{"taxonomy":"product_cat","embeddable":true,"href":"https:\/\/velessia-clothes.com\/ua\/wp-json\/wp\/v2\/product_cat?post=1219"},{"taxonomy":"product_tag","embeddable":true,"href":"https:\/\/velessia-clothes.com\/ua\/wp-json\/wp\/v2\/product_tag?post=1219"}],"curies":[{"name":"wp","href":"https:\/\/api.w.org\/{rel}","templated":true}]}}