{"id":1228,"date":"2026-04-26T14:40:29","date_gmt":"2026-04-26T12:40:29","guid":{"rendered":"https:\/\/velessia-clothes.com\/?post_type=product&#038;p=1228"},"modified":"2026-04-26T15:49:19","modified_gmt":"2026-04-26T13:49:19","slug":"elegantni-detsky-oblek","status":"publish","type":"product","link":"https:\/\/velessia-clothes.com\/ua\/product\/elegantni-detsky-oblek\/","title":{"rendered":"Elegantn\u00ed d\u011btsk\u00fd oblek"},"content":{"rendered":"<p data-start=\"0\" data-end=\"34\"><strong data-start=\"0\" data-end=\"34\">Elegantn\u00ed d\u011btsk\u00fd oblek 4v1 \ud83d\udc76\u2728<\/strong><\/p>\n<p data-start=\"36\" data-end=\"214\">Stylov\u00fd komplet pro mal\u00e9ho gentlemana na oslavy, focen\u00ed, k\u0159tiny, narozeniny nebo rodinn\u00e9 ud\u00e1losti. Pohodln\u00fd a kr\u00e1sn\u00fd outfit, ve kter\u00e9m bude va\u0161e miminko vypadat opravdu kouzeln\u011b.<\/p>\n<p data-start=\"216\" data-end=\"317\"><strong data-start=\"216\" data-end=\"233\">Set obsahuje:<\/strong><br data-start=\"233\" data-end=\"236\" \/>\u2714\ufe0f Ko\u0161ili s dlouh\u00fdm ruk\u00e1vem<br data-start=\"263\" data-end=\"266\" \/>\u2714\ufe0f Vesti\u010dku na knofl\u00edky<br data-start=\"289\" data-end=\"292\" \/>\u2714\ufe0f Kalhoty<br data-start=\"302\" data-end=\"305\" \/>\u2714\ufe0f Mot\u00fdlek<\/p>\n<p data-start=\"319\" data-end=\"362\"><strong data-start=\"319\" data-end=\"338\">Dostupn\u00e9 barvy:<\/strong><br data-start=\"338\" data-end=\"341\" \/>\ud83e\udd0e B\u00e9\u017eov\u00e1<br data-start=\"350\" data-end=\"353\" \/>\ud83e\ude76 \u0160ed\u00e1<\/p>\n<p data-start=\"364\" data-end=\"499\"><strong data-start=\"364\" data-end=\"375\">V\u00fdhody:<\/strong><br data-start=\"375\" data-end=\"378\" \/>\u2022 M\u011bkk\u00fd a p\u0159\u00edjemn\u00fd materi\u00e1l<br data-start=\"405\" data-end=\"408\" \/>\u2022 Pohodln\u00fd st\u0159ih pro miminko<br data-start=\"436\" data-end=\"439\" \/>\u2022 Elegantn\u00ed klasick\u00fd design<br data-start=\"466\" data-end=\"469\" \/>\u2022 Ide\u00e1ln\u00ed na oslavy a focen\u00ed<\/p>","protected":false},"excerpt":{"rendered":"<p>Elegantn\u00ed d\u011btsk\u00fd oblek 4v1 \ud83d\udc76\u2728 Stylov\u00fd komplet pro mal\u00e9ho gentlemana na oslavy, focen\u00ed, k\u0159tiny, narozeniny nebo rodinn\u00e9 ud\u00e1losti. Pohodln\u00fd a<\/p>","protected":false},"featured_media":1237,"comment_status":"open","ping_status":"closed","template":"","meta":[],"product_brand":[],"product_cat":[25],"product_tag":[],"class_list":{"0":"post-1228","1":"product","2":"type-product","3":"status-publish","4":"has-post-thumbnail","6":"product_cat-obleceni","7":"pa_barva-bezova","8":"pa_barva-hneda","9":"pa_podle-typu-zbozi-detsky-slavnostni-oblek","10":"pa_vek-miminka-9-24-mesicu","11":"pa_velikost-12-mesicu","12":"pa_velikost-18-mesicu","13":"pa_velikost-24-mesicu","14":"pa_velikost-9-mesicu","16":"first","17":"instock","18":"sale","19":"shipping-taxable","20":"purchasable","21":"product-type-variable"},"_links":{"self":[{"href":"https:\/\/velessia-clothes.com\/ua\/wp-json\/wp\/v2\/product\/1228","targetHints":{"allow":["GET"]}}],"collection":[{"href":"https:\/\/velessia-clothes.com\/ua\/wp-json\/wp\/v2\/product"}],"about":[{"href":"https:\/\/velessia-clothes.com\/ua\/wp-json\/wp\/v2\/types\/product"}],"replies":[{"embeddable":true,"href":"https:\/\/velessia-clothes.com\/ua\/wp-json\/wp\/v2\/comments?post=1228"}],"version-history":[{"count":1,"href":"https:\/\/velessia-clothes.com\/ua\/wp-json\/wp\/v2\/product\/1228\/revisions"}],"predecessor-version":[{"id":1238,"href":"https:\/\/velessia-clothes.com\/ua\/wp-json\/wp\/v2\/product\/1228\/revisions\/1238"}],"wp:featuredmedia":[{"embeddable":true,"href":"https:\/\/velessia-clothes.com\/ua\/wp-json\/wp\/v2\/media\/1237"}],"wp:attachment":[{"href":"https:\/\/velessia-clothes.com\/ua\/wp-json\/wp\/v2\/media?parent=1228"}],"wp:term":[{"taxonomy":"product_brand","embeddable":true,"href":"https:\/\/velessia-clothes.com\/ua\/wp-json\/wp\/v2\/product_brand?post=1228"},{"taxonomy":"product_cat","embeddable":true,"href":"https:\/\/velessia-clothes.com\/ua\/wp-json\/wp\/v2\/product_cat?post=1228"},{"taxonomy":"product_tag","embeddable":true,"href":"https:\/\/velessia-clothes.com\/ua\/wp-json\/wp\/v2\/product_tag?post=1228"}],"curies":[{"name":"wp","href":"https:\/\/api.w.org\/{rel}","templated":true}]}}